{"id":883,"date":"2015-04-17T08:46:32","date_gmt":"2015-04-17T08:46:32","guid":{"rendered":"https:\/\/www.haus-blokeliai.lt\/?page_id=883"},"modified":"2015-05-11T12:17:14","modified_gmt":"2015-05-11T12:17:14","slug":"saramos-irengimas-is-blokeliu","status":"publish","type":"page","link":"https:\/\/www.haus-blokeliai.lt\/ru\/saramos-irengimas-is-blokeliu\/","title":{"rendered":"S\u0105ramos \u012frengimas i\u0161 blokeli\u0173"},"content":{"rendered":"<h2><a href=\"https:\/\/www.haus-blokeliai.lt\/wp-content\/uploads\/2015\/04\/saramos-irengimas.jpg\"><img loading=\"lazy\" class=\"alignleft size-full wp-image-884\" src=\"https:\/\/www.haus-blokeliai.lt\/wp-content\/uploads\/2015\/04\/saramos-irengimas.jpg\" alt=\"saramos irengimas\" width=\"665\" height=\"374\" srcset=\"https:\/\/www.haus-blokeliai.lt\/wp-content\/uploads\/2015\/04\/saramos-irengimas.jpg 665w, https:\/\/www.haus-blokeliai.lt\/wp-content\/uploads\/2015\/04\/saramos-irengimas-300x169.jpg 300w, https:\/\/www.haus-blokeliai.lt\/wp-content\/uploads\/2015\/04\/saramos-irengimas-110x62.jpg 110w, https:\/\/www.haus-blokeliai.lt\/wp-content\/uploads\/2015\/04\/saramos-irengimas-196x110.jpg 196w, https:\/\/www.haus-blokeliai.lt\/wp-content\/uploads\/2015\/04\/saramos-irengimas-133x75.jpg 133w, https:\/\/www.haus-blokeliai.lt\/wp-content\/uploads\/2015\/04\/saramos-irengimas-640x360.jpg 640w, https:\/\/www.haus-blokeliai.lt\/wp-content\/uploads\/2015\/04\/saramos-irengimas-450x253.jpg 450w\" sizes=\"(max-width: 665px) 100vw, 665px\" \/><\/a><\/h2>\n<h2>S\u0105ramos \u012frengimas<\/h2>\n<p>Armuotos s\u0105ramos i\u0161 HAUS P6-20 ar P6-30 klojini\u0173 blok\u0173, projektuojamos kaip dviatram\u0117s sijos. Klojini\u0173 blokai montuojami su sienel\u0117s i\u0161\u0117ma apa\u010dioje, skirta s\u0105ramos tempiamai armat\u016brai. Klojini\u0173 blok\u0173 vir\u0161uje gali b\u016bti \u012frengta papildoma sienel\u0117s i\u0161\u0117ma s\u0105ramos gniu\u017edomai armat\u016bra.<br \/>\n<a href=\"https:\/\/www.haus-blokeliai.lt\/wp-content\/uploads\/2015\/04\/i\u0161\u0117ma-armaturai.png\"><img loading=\"lazy\" class=\"alignleft  wp-image-885\" src=\"https:\/\/www.haus-blokeliai.lt\/wp-content\/uploads\/2015\/04\/i\u0161\u0117ma-armaturai.png\" alt=\"i\u0161\u0117ma armaturai\" width=\"223\" height=\"214\" srcset=\"https:\/\/www.haus-blokeliai.lt\/wp-content\/uploads\/2015\/04\/i\u0161\u0117ma-armaturai.png 577w, https:\/\/www.haus-blokeliai.lt\/wp-content\/uploads\/2015\/04\/i\u0161\u0117ma-armaturai-300x288.png 300w, https:\/\/www.haus-blokeliai.lt\/wp-content\/uploads\/2015\/04\/i\u0161\u0117ma-armaturai-110x105.png 110w, https:\/\/www.haus-blokeliai.lt\/wp-content\/uploads\/2015\/04\/i\u0161\u0117ma-armaturai-115x110.png 115w, https:\/\/www.haus-blokeliai.lt\/wp-content\/uploads\/2015\/04\/i\u0161\u0117ma-armaturai-78x75.png 78w, https:\/\/www.haus-blokeliai.lt\/wp-content\/uploads\/2015\/04\/i\u0161\u0117ma-armaturai-510x489.png 510w, https:\/\/www.haus-blokeliai.lt\/wp-content\/uploads\/2015\/04\/i\u0161\u0117ma-armaturai-264x253.png 264w\" sizes=\"(max-width: 223px) 100vw, 223px\" \/><\/a><\/p>\n<p>&nbsp;<\/p>\n<p>&nbsp;<\/p>\n<p>&nbsp;<\/p>\n<p>&nbsp;<\/p>\n<p>&nbsp;<\/p>\n<p>Armat\u016bros kiekis ir betono klas\u0117 parenkami pagal veikian\u010dias apkrovas.<\/p>\n<p><strong>Betonini\u0173 blok\u0173 montavimas<\/strong><\/p>\n<p>Kai s\u0105ramos yra i\u0161 dviej\u0173 klojini\u0173 blok\u0173 eili\u0173 (s\u0105ramos auk\u0161tis 50 cm), tai m\u016bro gaminiai pagal LST EN 1996-1-1:2005 reikalavimus turi b\u016bti perri\u0161ami perstumiant gaminius atstumu <em>a<\/em>:<\/p>\n<p><a href=\"https:\/\/www.haus-blokeliai.lt\/wp-content\/uploads\/2015\/04\/perrisimas-blokeliu.png\"><img loading=\"lazy\" class=\"alignleft size-full wp-image-768\" src=\"https:\/\/www.haus-blokeliai.lt\/wp-content\/uploads\/2015\/04\/perrisimas-blokeliu.png\" alt=\"pertvaros\" width=\"411\" height=\"197\" srcset=\"https:\/\/www.haus-blokeliai.lt\/wp-content\/uploads\/2015\/04\/perrisimas-blokeliu.png 411w, https:\/\/www.haus-blokeliai.lt\/wp-content\/uploads\/2015\/04\/perrisimas-blokeliu-300x144.png 300w, https:\/\/www.haus-blokeliai.lt\/wp-content\/uploads\/2015\/04\/perrisimas-blokeliu-110x53.png 110w, https:\/\/www.haus-blokeliai.lt\/wp-content\/uploads\/2015\/04\/perrisimas-blokeliu-229x110.png 229w, https:\/\/www.haus-blokeliai.lt\/wp-content\/uploads\/2015\/04\/perrisimas-blokeliu-156x75.png 156w\" sizes=\"(max-width: 411px) 100vw, 411px\" \/><\/a><\/p>\n<p>&nbsp;<\/p>\n<p>&nbsp;<\/p>\n<p>a \u2265 0,4 \u00b7 hu mm,<br \/>\n\u2265 40 mm, kai hu \u2264 250 mm<\/p>\n<p>&nbsp;<\/p>\n<p>&nbsp;<\/p>\n<p>Ma\u017eiausias m\u016bro gamini\u0173 perri\u0161imo perstumiant ilgis 10 cm. Rekomenduojamas perri\u0161imo perstumiant ilgis \u2013 25 cm.<\/p>\n<p>Betono i\u0161eiga HAUS klojini\u0173 blokams:<\/p>\n<table border=\"1\" width=\"660\" cellspacing=\"0\" cellpadding=\"5\">\n<colgroup>\n<col width=\"314\" \/>\n<col width=\"79\" \/><\/colgroup>\n<tbody>\n<tr valign=\"TOP\">\n<td bgcolor=\"#cccccc\" width=\"314\"><strong>HAUS P6-20<\/strong><\/td>\n<td bgcolor=\"#cccccc\" width=\"79\"><strong>Betono i\u0161eiga<\/strong><\/td>\n<\/tr>\n<tr valign=\"TOP\">\n<td width=\"314\">U\u017epilamo betono kiekis vienam blokui<\/td>\n<td width=\"79\">\n<p align=\"CENTER\">0,015 m<sup>3<\/sup><\/p>\n<\/td>\n<\/tr>\n<tr valign=\"TOP\">\n<td width=\"314\">U\u017epilamo betono kiekis vienam metrui, kai konstrukcijos auk\u0161tis 25 cm (pvz. s\u0105rama)<\/td>\n<td width=\"79\">\n<p align=\"CENTER\">0,03 m<sup>3<\/sup><\/p>\n<\/td>\n<\/tr>\n<tr valign=\"TOP\">\n<td width=\"314\">U\u017epilamo betono kiekis vienam metrui, kai konstrukcijos auk\u0161tis 50 cm (pvz. rostverkas)<\/td>\n<td width=\"79\">\n<p align=\"CENTER\">0,06 m<sup>3<\/sup><\/p>\n<\/td>\n<\/tr>\n<tr valign=\"TOP\">\n<td width=\"314\">U\u017epilamo betono kiekis vienam m<sup>2<\/sup> sienos<\/td>\n<td width=\"79\">\n<p align=\"CENTER\">0,117 m<sup>3<\/sup><\/p>\n<\/td>\n<\/tr>\n<tr valign=\"TOP\">\n<td width=\"314\">U\u017epilamo betono kiekis vienam m<sup>3<\/sup> sienos<\/td>\n<td width=\"79\">\n<p align=\"CENTER\">0,6 m<sup>3<\/sup><\/p>\n<\/td>\n<\/tr>\n<\/tbody>\n<\/table>\n<p>&nbsp;<\/p>\n<table border=\"1\" width=\"659\" cellspacing=\"0\" cellpadding=\"5\">\n<colgroup>\n<col width=\"314\" \/>\n<col width=\"79\" \/><\/colgroup>\n<tbody>\n<tr valign=\"TOP\">\n<td bgcolor=\"#cccccc\" width=\"314\"><strong>HAUS P6-30<\/strong><\/td>\n<td bgcolor=\"#cccccc\" width=\"79\"><strong>Betono i\u0161eiga<\/strong><\/td>\n<\/tr>\n<tr valign=\"TOP\">\n<td width=\"314\">U\u017epilamo betono kiekis vienam blokui<\/td>\n<td width=\"79\">\n<p align=\"CENTER\">0,026 m<sup>3<\/sup><\/p>\n<\/td>\n<\/tr>\n<tr valign=\"TOP\">\n<td width=\"314\">U\u017epilamo betono kiekis vienam metrui, kai konstrukcijos auk\u0161tis 25 cm (pvz. s\u0105rama)<\/td>\n<td width=\"79\">\n<p align=\"CENTER\">0,052 m<sup>3<\/sup><\/p>\n<\/td>\n<\/tr>\n<tr valign=\"TOP\">\n<td width=\"314\">U\u017epilamo betono kiekis vienam metrui, kai konstrukcijos auk\u0161tis 50 cm (pvz. rostverkas)<\/td>\n<td width=\"79\">\n<p align=\"CENTER\">0,104 m<sup>3<\/sup><\/p>\n<\/td>\n<\/tr>\n<tr valign=\"TOP\">\n<td width=\"314\">U\u017epilamo betono kiekis vienam m<sup>2<\/sup> sienos<\/td>\n<td width=\"79\">\n<p align=\"CENTER\">0,206 m<sup>3<\/sup><\/p>\n<\/td>\n<\/tr>\n<tr valign=\"TOP\">\n<td width=\"314\">U\u017epilamo betono kiekis vienam m<sup>3<\/sup> sienos<\/td>\n<td width=\"79\">\n<p align=\"CENTER\">0,7 m<sup>3<\/sup><\/p>\n<\/td>\n<\/tr>\n<\/tbody>\n<\/table>\n<p align=\"JUSTIFY\">\n<p><strong>Betonavimo darbai<\/strong><\/p>\n<p>Betonavimo darbai atliekami pagal ST 121895674.06:2009\u00a0 &#8220;Betonavimo darbai&#8221; reikalavimus. Betono mi\u0161inys klojamas horizontaliais sluoksniais visame betonuojamos konstrukcijos plote. Kad visa betonin\u0117 konstrukcija b\u016bt\u0173 vienalyt\u0117, k\u0105 tik paruo\u0161t\u0105 betono mi\u0161in\u012f reikia kloti ant ankstesnio sutankinto sluoksnio, kurio cementas dar neprad\u0117jo stingti.<br \/>\nPrie\u0161 u\u017emonolitinant HAUS klojini\u0173 blokus, j\u0173 pavir\u0161ius dr\u0117kinamas vandeniu. Rekomenduojama u\u017ebetonuoti iki trij\u0173 blok\u0173 eili\u0173, kai betono slankumo klas\u0117 S3 (takus). Kai konstrukcija yra auk\u0161ta, betonavimas vykdomas etapais. Kiekviename etape u\u017ebetonuojama trys su puse blok\u0173 eil\u0117s. Taip u\u017etikrinamas betono ir HAUS klojini\u0173 blok\u0173 sukibtis. Naudojamas C20\/25 klas\u0117s betonas.<br \/>\nPradin\u0117je sukloto betono kiet\u0117jimo stadijoje reikia palaikyti tam tikr\u0105 temperat\u016bros ir dr\u0117gm\u0117s re\u017eim\u0105. Betonas, periodi\u0161kai laistomas, vasar\u0105 saugomas nuo saul\u0117s spinduli\u0173, o \u017eiem\u0105 &#8211; nuo \u0161al\u010dio. Atviri betono pavir\u0161iai u\u017edengiami\u00a0 ne v\u0117liau kaip po 10-12 valand\u0173 nuo betonavimo pabaigos.<br \/>\nVasar\u0105 betonas, pagamintas su paprastu portlandcemen\u010diu, laistomas septynias paras. Kai oro temperat\u016bra auk\u0161tesn\u0117 kaip 15\u00b0 C, pirm\u0105sias tris paras dien\u0105 betonas laistomas kas 3 h ir vien\u0105 kart\u0105 nakt\u012f, v\u0117liau &#8211; ne re\u010diau kaip tris kartus per par\u0105. I\u0161betonuot\u0105 konstrukcij\u0105 galima prad\u0117ti laistyti tik po 5- 10 h. Kai paros oro vidutin\u0117 temperat\u016bra yra 3\u00b0 C ir \u017eemesn\u0117, betono galima nelaistyti.<br \/>\nKiet\u0117jan\u010dio betono prie\u017ei\u016bros trukm\u0117 nustatoma, atsi\u017evelgiant \u012f cemento hidratacijos greit\u012f, betono savybes, aplinkos temperat\u016br\u0105 ir santykin\u0119 dr\u0117gm\u0119. \u012evertinant tuos faktorius kiet\u0117jan\u010dio betono prie\u017ei\u016bros trukm\u0117 b\u016bna nuo\u00a0 2 iki 10 par\u0173.<br \/>\nTais atvejais, kai betonas turi b\u016bti atsparus dilumui arba yra veikiamas nepalanki\u0173 aplinkos s\u0105lyg\u0173 prie\u017ei\u016bros trukm\u0117 turi b\u016bti pailginta.<br \/>\nI\u0161ramstym\u0173 nu\u0117mimo laikas priklauso nuo betono kiet\u0117jimo grei\u010dio ir konstrukcijos paskirties.<\/p>\n<p><strong>S\u0105ram\u0173 atramos<\/strong><\/p>\n<p>Haus s\u0105ramos, kuri\u0173 ilgis vir\u0161 1,5 m, ant m\u016bro kra\u0161t\u0173 u\u017eleid\u017eiamos ne ma\u017eiau, kaip 250 mm. Trumpesn\u0117s nei 1,5 m ilgio s\u0105ramas galima u\u017eleisti 150 mm. Parenkant s\u0105ramos atramos pavir\u0161iaus ilg\u012f b\u016btina atsi\u017evelgti \u012f m\u016bro laikom\u0105j\u0105 gali\u0105 \u0161ioje zonoje. Atramos pavir\u0161ius turi b\u016bti lygus ir pagamintas i\u0161 vientis\u0173 blok\u0173. Rekomenduojama remti \u012f pirmos grup\u0117s m\u016bro gaminius.<\/p>\n","protected":false},"excerpt":{"rendered":"<p>S\u0105ramos \u012frengimas Armuotos s\u0105ramos i\u0161 HAUS P6-20 ar P6-30 klojini\u0173 blok\u0173, projektuojamos kaip dviatram\u0117s sijos. Klojini\u0173 blokai montuojami su sienel\u0117s i\u0161\u0117ma apa\u010dioje, skirta s\u0105ramos tempiamai armat\u016brai. Klojini\u0173 blok\u0173 vir\u0161uje gali b\u016bti \u012frengta papildoma sienel\u0117s i\u0161\u0117ma s\u0105ramos gniu\u017edomai armat\u016bra. &nbsp; &nbsp; &nbsp; &nbsp; &nbsp; Armat\u016bros kiekis ir betono klas\u0117 parenkami pagal veikian\u010dias apkrovas. Betonini\u0173 blok\u0173 montavimas [&hellip;]<\/p>\n","protected":false},"author":1,"featured_media":0,"parent":0,"menu_order":0,"comment_status":"open","ping_status":"open","template":"","meta":{"_links_to":"","_links_to_target":""},"translation":{"provider":"WPGlobus","version":"2.7.5","language":"ru","enabled_languages":["lt","ru"],"languages":{"lt":{"title":true,"content":true,"excerpt":false},"ru":{"title":false,"content":false,"excerpt":false}}},"yoast_head":"<!-- This site is optimized with the Yoast SEO plugin v16.4 - https:\/\/yoast.com\/wordpress\/plugins\/seo\/ -->\n<meta name=\"robots\" content=\"index, follow, max-snippet:-1, max-image-preview:large, max-video-preview:-1\" \/>\n<link rel=\"canonical\" href=\"https:\/\/www.haus-blokeliai.lt\/saramos-irengimas-is-blokeliu\/\" \/>\n<meta property=\"og:locale\" content=\"ru_RU\" \/>\n<meta property=\"og:type\" content=\"article\" \/>\n<meta property=\"og:title\" content=\"S\u0105ramos \u012frengimas i\u0161 blokeli\u0173\" \/>\n<meta property=\"og:url\" content=\"https:\/\/www.haus-blokeliai.lt\/saramos-irengimas-is-blokeliu\/\" \/>\n<meta property=\"article:modified_time\" content=\"2015-05-11T12:17:14+00:00\" \/>\n<meta property=\"og:image\" content=\"https:\/\/www.haus-blokeliai.lt\/wp-content\/uploads\/2015\/04\/saramos-irengimas.jpg\" \/>\n<meta name=\"twitter:label1\" content=\"Est. reading time\" \/>\n\t<meta name=\"twitter:data1\" content=\"3 minutes\" \/>\n<script type=\"application\/ld+json\" class=\"yoast-schema-graph\">{\"@context\":\"https:\/\/schema.org\",\"@graph\":[{\"@type\":\"WebSite\",\"@id\":\"https:\/\/www.haus-blokeliai.lt\/#website\",\"url\":\"https:\/\/www.haus-blokeliai.lt\/\",\"name\":\"\",\"description\":\"\",\"potentialAction\":[{\"@type\":\"SearchAction\",\"target\":\"https:\/\/www.haus-blokeliai.lt\/?s={search_term_string}\",\"query-input\":\"required name=search_term_string\"}],\"inLanguage\":\"ru-RU\"},{\"@type\":\"ImageObject\",\"@id\":\"https:\/\/www.haus-blokeliai.lt\/saramos-irengimas-is-blokeliu\/#primaryimage\",\"inLanguage\":\"ru-RU\",\"url\":\"https:\/\/www.haus-blokeliai.lt\/wp-content\/uploads\/2015\/04\/saramos-irengimas.jpg\",\"contentUrl\":\"https:\/\/www.haus-blokeliai.lt\/wp-content\/uploads\/2015\/04\/saramos-irengimas.jpg\"},{\"@type\":\"WebPage\",\"@id\":\"https:\/\/www.haus-blokeliai.lt\/saramos-irengimas-is-blokeliu\/#webpage\",\"url\":\"https:\/\/www.haus-blokeliai.lt\/saramos-irengimas-is-blokeliu\/\",\"name\":\"S\\u0105ramos \\u012frengimas i\\u0161 blokeli\\u0173\",\"isPartOf\":{\"@id\":\"https:\/\/www.haus-blokeliai.lt\/#website\"},\"primaryImageOfPage\":{\"@id\":\"https:\/\/www.haus-blokeliai.lt\/saramos-irengimas-is-blokeliu\/#primaryimage\"},\"datePublished\":\"2015-04-17T08:46:32+00:00\",\"dateModified\":\"2015-05-11T12:17:14+00:00\",\"breadcrumb\":{\"@id\":\"https:\/\/www.haus-blokeliai.lt\/saramos-irengimas-is-blokeliu\/#breadcrumb\"},\"inLanguage\":\"ru-RU\",\"potentialAction\":[{\"@type\":\"ReadAction\",\"target\":[\"https:\/\/www.haus-blokeliai.lt\/saramos-irengimas-is-blokeliu\/\"]}]},{\"@type\":\"BreadcrumbList\",\"@id\":\"https:\/\/www.haus-blokeliai.lt\/saramos-irengimas-is-blokeliu\/#breadcrumb\",\"itemListElement\":[{\"@type\":\"ListItem\",\"position\":1,\"item\":{\"@type\":\"WebPage\",\"@id\":\"https:\/\/www.haus-blokeliai.lt\/\",\"url\":\"https:\/\/www.haus-blokeliai.lt\/\",\"name\":\"Prad\\u017eia\"}},{\"@type\":\"ListItem\",\"position\":2,\"item\":{\"@id\":\"https:\/\/www.haus-blokeliai.lt\/saramos-irengimas-is-blokeliu\/#webpage\"}}]}]}<\/script>\n<!-- \/ Yoast SEO plugin. -->","_links":{"self":[{"href":"https:\/\/www.haus-blokeliai.lt\/ru\/wp-json\/wp\/v2\/pages\/883"}],"collection":[{"href":"https:\/\/www.haus-blokeliai.lt\/ru\/wp-json\/wp\/v2\/pages"}],"about":[{"href":"https:\/\/www.haus-blokeliai.lt\/ru\/wp-json\/wp\/v2\/types\/page"}],"author":[{"embeddable":true,"href":"https:\/\/www.haus-blokeliai.lt\/ru\/wp-json\/wp\/v2\/users\/1"}],"replies":[{"embeddable":true,"href":"https:\/\/www.haus-blokeliai.lt\/ru\/wp-json\/wp\/v2\/comments?post=883"}],"version-history":[{"count":5,"href":"https:\/\/www.haus-blokeliai.lt\/ru\/wp-json\/wp\/v2\/pages\/883\/revisions"}],"predecessor-version":[{"id":1160,"href":"https:\/\/www.haus-blokeliai.lt\/ru\/wp-json\/wp\/v2\/pages\/883\/revisions\/1160"}],"wp:attachment":[{"href":"https:\/\/www.haus-blokeliai.lt\/ru\/wp-json\/wp\/v2\/media?parent=883"}],"curies":[{"name":"wp","href":"https:\/\/api.w.org\/{rel}","templated":true}]}}