{"id":866,"date":"2015-04-17T08:10:01","date_gmt":"2015-04-17T08:10:01","guid":{"rendered":"https:\/\/www.haus-blokeliai.lt\/?page_id=866"},"modified":"2015-04-17T08:11:50","modified_gmt":"2015-04-17T08:11:50","slug":"monolitinis-ziedas-is-blokeliu","status":"publish","type":"page","link":"https:\/\/www.haus-blokeliai.lt\/ru\/monolitinis-ziedas-is-blokeliu\/","title":{"rendered":"Monolitinis \u017eiedas i\u0161 blokeli\u0173"},"content":{"rendered":"<h2><a href=\"https:\/\/www.haus-blokeliai.lt\/wp-content\/uploads\/2015\/04\/monolitinis-ziedas.jpg\"><img loading=\"lazy\" class=\"alignleft size-full wp-image-867\" src=\"https:\/\/www.haus-blokeliai.lt\/wp-content\/uploads\/2015\/04\/monolitinis-ziedas.jpg\" alt=\"monolitinis ziedas\" width=\"665\" height=\"374\" srcset=\"https:\/\/www.haus-blokeliai.lt\/wp-content\/uploads\/2015\/04\/monolitinis-ziedas.jpg 665w, https:\/\/www.haus-blokeliai.lt\/wp-content\/uploads\/2015\/04\/monolitinis-ziedas-300x169.jpg 300w, https:\/\/www.haus-blokeliai.lt\/wp-content\/uploads\/2015\/04\/monolitinis-ziedas-110x62.jpg 110w, https:\/\/www.haus-blokeliai.lt\/wp-content\/uploads\/2015\/04\/monolitinis-ziedas-196x110.jpg 196w, https:\/\/www.haus-blokeliai.lt\/wp-content\/uploads\/2015\/04\/monolitinis-ziedas-133x75.jpg 133w, https:\/\/www.haus-blokeliai.lt\/wp-content\/uploads\/2015\/04\/monolitinis-ziedas-640x360.jpg 640w, https:\/\/www.haus-blokeliai.lt\/wp-content\/uploads\/2015\/04\/monolitinis-ziedas-450x253.jpg 450w\" sizes=\"(max-width: 665px) 100vw, 665px\" \/><\/a><\/h2>\n<h2>Monolitinis \u017eiedas i\u0161 blokeli\u0173<\/h2>\n<p>Remiant perdangos ir kitas konstrukcijas ant m\u016bro blok\u0173, rekomenduojama apkrovas m\u016brui perduoti per monolitin\u012f \u017eied\u0105.<\/p>\n<p>Monolitinio \u017eiedo \u012frengimui rekomenduojama naudoti HAUS klojini\u0173 blokus. Pagal sienos konstrukcijos stor\u012f parenkami 20 cm arba 30 cm plo\u010dio klojini\u0173 blokai. Taip \u012frengiamas 25 cm auk\u0161\u010dio monolitinis gel\u017ebetoninis \u017eiedas.<\/p>\n<p>Betoniai gaminiai HAUS P6-20 arba P6-30 atitinka standart\u0105 EN 771-3. Naudojam\u0173 betonini\u0173 m\u016bro gamini\u0173 tankis atitinkamai lygus 900 kg\/m3 ir 700 kg\/m3. Normalizuotas vidutinis gniu\u017edomasis stipris P6-20 betoniniams blokams lygus fb = 6,3 N\/mm2, o P6-30 blokams \u2013 fb = 4,0 N\/mm2, kurie nustatyti pagal\u00a0 LST EN 771-3:2011.<\/p>\n<p>Betonini\u0173 blok\u0173 HAUS P6-20 ir P6-30 technin\u0117s charakteristikos:<\/p>\n<p><a href=\"https:\/\/www.haus-blokeliai.lt\/wp-content\/uploads\/2015\/04\/monolitinis-ziedas-blokeliu-charakteristika.png\"><img loading=\"lazy\" class=\"alignleft size-full wp-image-868\" src=\"https:\/\/www.haus-blokeliai.lt\/wp-content\/uploads\/2015\/04\/monolitinis-ziedas-blokeliu-charakteristika.png\" alt=\"monolitinis ziedas blokeliu charakteristika\" width=\"656\" height=\"450\" srcset=\"https:\/\/www.haus-blokeliai.lt\/wp-content\/uploads\/2015\/04\/monolitinis-ziedas-blokeliu-charakteristika.png 656w, https:\/\/www.haus-blokeliai.lt\/wp-content\/uploads\/2015\/04\/monolitinis-ziedas-blokeliu-charakteristika-300x206.png 300w, https:\/\/www.haus-blokeliai.lt\/wp-content\/uploads\/2015\/04\/monolitinis-ziedas-blokeliu-charakteristika-110x75.png 110w, https:\/\/www.haus-blokeliai.lt\/wp-content\/uploads\/2015\/04\/monolitinis-ziedas-blokeliu-charakteristika-160x110.png 160w, https:\/\/www.haus-blokeliai.lt\/wp-content\/uploads\/2015\/04\/monolitinis-ziedas-blokeliu-charakteristika-109x75.png 109w, https:\/\/www.haus-blokeliai.lt\/wp-content\/uploads\/2015\/04\/monolitinis-ziedas-blokeliu-charakteristika-640x439.png 640w, https:\/\/www.haus-blokeliai.lt\/wp-content\/uploads\/2015\/04\/monolitinis-ziedas-blokeliu-charakteristika-369x253.png 369w\" sizes=\"(max-width: 656px) 100vw, 656px\" \/><\/a><\/p>\n<p><strong>Betonini\u0173 blok\u0173 montavimas<\/strong><\/p>\n<p>25 cm auk\u0161\u010dio monolitinis \u017eiedas montuojamas i\u0161 HAUS P6-20 arba P6-30 betonini\u0173 blok\u0173. Blokai montuojami be skiedinio.<\/p>\n<p>Jei reikalingas auk\u0161tesnis monolitinis \u017eiedas (auk\u0161tis 50 cm), tai m\u016bro gaminiai pagal LST EN 1996-1-1:2005 reikalavimus turi b\u016bti perri\u0161ami perstumiant gaminius atstumu<em>a<\/em>:<\/p>\n<p><a href=\"https:\/\/www.haus-blokeliai.lt\/wp-content\/uploads\/2015\/04\/perrisimas-blokeliu.png\"><img loading=\"lazy\" class=\"alignleft size-full wp-image-768\" src=\"https:\/\/www.haus-blokeliai.lt\/wp-content\/uploads\/2015\/04\/perrisimas-blokeliu.png\" alt=\"pertvaros\" width=\"411\" height=\"197\" srcset=\"https:\/\/www.haus-blokeliai.lt\/wp-content\/uploads\/2015\/04\/perrisimas-blokeliu.png 411w, https:\/\/www.haus-blokeliai.lt\/wp-content\/uploads\/2015\/04\/perrisimas-blokeliu-300x144.png 300w, https:\/\/www.haus-blokeliai.lt\/wp-content\/uploads\/2015\/04\/perrisimas-blokeliu-110x53.png 110w, https:\/\/www.haus-blokeliai.lt\/wp-content\/uploads\/2015\/04\/perrisimas-blokeliu-229x110.png 229w, https:\/\/www.haus-blokeliai.lt\/wp-content\/uploads\/2015\/04\/perrisimas-blokeliu-156x75.png 156w\" sizes=\"(max-width: 411px) 100vw, 411px\" \/><\/a>a \u2265 0,4 \u00b7 hu mm,<\/p>\n<p>\u2265 40 mm, kai hu \u2264 250 mm<\/p>\n<p>&nbsp;<\/p>\n<p>&nbsp;<\/p>\n<p>&nbsp;<\/p>\n<p>Ma\u017eiausias m\u016bro gamini\u0173 perri\u0161imo perstumiant ilgis 10 cm. Rekomenduojamas perri\u0161imo perstumiant ilgis \u2013 25 cm.<\/p>\n<p>Monolitinio \u017eiedo kampuose, norint pravesti i\u0161ilgin\u0119 armat\u016br\u0105, turi b\u016bti i\u0161pjaunama \u0161onin\u0117 bloko sienel\u0117.<\/p>\n<p><a href=\"https:\/\/www.haus-blokeliai.lt\/wp-content\/uploads\/2015\/04\/blokeliai-monolitiniam-ziedui.png\"><img loading=\"lazy\" class=\" size-full wp-image-869 aligncenter\" src=\"https:\/\/www.haus-blokeliai.lt\/wp-content\/uploads\/2015\/04\/blokeliai-monolitiniam-ziedui.png\" alt=\"blokeliai monolitiniam ziedui\" width=\"517\" height=\"312\" srcset=\"https:\/\/www.haus-blokeliai.lt\/wp-content\/uploads\/2015\/04\/blokeliai-monolitiniam-ziedui.png 517w, https:\/\/www.haus-blokeliai.lt\/wp-content\/uploads\/2015\/04\/blokeliai-monolitiniam-ziedui-300x181.png 300w, https:\/\/www.haus-blokeliai.lt\/wp-content\/uploads\/2015\/04\/blokeliai-monolitiniam-ziedui-110x66.png 110w, https:\/\/www.haus-blokeliai.lt\/wp-content\/uploads\/2015\/04\/blokeliai-monolitiniam-ziedui-182x110.png 182w, https:\/\/www.haus-blokeliai.lt\/wp-content\/uploads\/2015\/04\/blokeliai-monolitiniam-ziedui-124x75.png 124w, https:\/\/www.haus-blokeliai.lt\/wp-content\/uploads\/2015\/04\/blokeliai-monolitiniam-ziedui-419x253.png 419w\" sizes=\"(max-width: 517px) 100vw, 517px\" \/><\/a><\/p>\n<p>HAUS P6-20 kampinis klojini\u0173 blokas taip pat gali b\u016bti naudojamas vidurin\u0117je konstrukcijos dalyje. Tokiu atveju i\u0161pjaunama galin\u0117 bloko sienel\u0117 (raizginys)<\/p>\n<p><a href=\"https:\/\/www.haus-blokeliai.lt\/wp-content\/uploads\/2015\/04\/haus-blokelis-monolitiniam-ziedui.jpg\"><img loading=\"lazy\" class=\" size-full wp-image-870 aligncenter\" src=\"https:\/\/www.haus-blokeliai.lt\/wp-content\/uploads\/2015\/04\/haus-blokelis-monolitiniam-ziedui.jpg\" alt=\"haus blokelis monolitiniam ziedui\" width=\"417\" height=\"312\" srcset=\"https:\/\/www.haus-blokeliai.lt\/wp-content\/uploads\/2015\/04\/haus-blokelis-monolitiniam-ziedui.jpg 417w, https:\/\/www.haus-blokeliai.lt\/wp-content\/uploads\/2015\/04\/haus-blokelis-monolitiniam-ziedui-300x224.jpg 300w, https:\/\/www.haus-blokeliai.lt\/wp-content\/uploads\/2015\/04\/haus-blokelis-monolitiniam-ziedui-110x82.jpg 110w, https:\/\/www.haus-blokeliai.lt\/wp-content\/uploads\/2015\/04\/haus-blokelis-monolitiniam-ziedui-147x110.jpg 147w, https:\/\/www.haus-blokeliai.lt\/wp-content\/uploads\/2015\/04\/haus-blokelis-monolitiniam-ziedui-100x75.jpg 100w, https:\/\/www.haus-blokeliai.lt\/wp-content\/uploads\/2015\/04\/haus-blokelis-monolitiniam-ziedui-338x253.jpg 338w\" sizes=\"(max-width: 417px) 100vw, 417px\" \/><\/a><\/p>\n<p>Naudojant 30 cm plo\u010dio klojini\u0173 blokus, kampinis blokas gaunamas nupjaunant \u0161onines sieneles ir vidurin\u0119 sienel\u0119, armat\u016bros pravedimui.<\/p>\n<p><a href=\"https:\/\/www.haus-blokeliai.lt\/wp-content\/uploads\/2015\/04\/haus-blokeliai-monolitui.jpg\"><img loading=\"lazy\" class=\" size-full wp-image-871 aligncenter\" src=\"https:\/\/www.haus-blokeliai.lt\/wp-content\/uploads\/2015\/04\/haus-blokeliai-monolitui.jpg\" alt=\"haus blokeliai monolitui\" width=\"462\" height=\"312\" srcset=\"https:\/\/www.haus-blokeliai.lt\/wp-content\/uploads\/2015\/04\/haus-blokeliai-monolitui.jpg 462w, https:\/\/www.haus-blokeliai.lt\/wp-content\/uploads\/2015\/04\/haus-blokeliai-monolitui-300x203.jpg 300w, https:\/\/www.haus-blokeliai.lt\/wp-content\/uploads\/2015\/04\/haus-blokeliai-monolitui-110x74.jpg 110w, https:\/\/www.haus-blokeliai.lt\/wp-content\/uploads\/2015\/04\/haus-blokeliai-monolitui-163x110.jpg 163w, https:\/\/www.haus-blokeliai.lt\/wp-content\/uploads\/2015\/04\/haus-blokeliai-monolitui-111x75.jpg 111w, https:\/\/www.haus-blokeliai.lt\/wp-content\/uploads\/2015\/04\/haus-blokeliai-monolitui-375x253.jpg 375w\" sizes=\"(max-width: 462px) 100vw, 462px\" \/><\/a><\/p>\n<p>Betono i\u0161eiga HAUS klojini\u0173 blokams:<\/p>\n<p><a href=\"https:\/\/www.haus-blokeliai.lt\/wp-content\/uploads\/2015\/04\/monolitui-betono-iseiga.png\"><img loading=\"lazy\" class=\" size-full wp-image-872 aligncenter\" src=\"https:\/\/www.haus-blokeliai.lt\/wp-content\/uploads\/2015\/04\/monolitui-betono-iseiga.png\" alt=\"monolitui betono iseiga\" width=\"424\" height=\"330\" srcset=\"https:\/\/www.haus-blokeliai.lt\/wp-content\/uploads\/2015\/04\/monolitui-betono-iseiga.png 424w, https:\/\/www.haus-blokeliai.lt\/wp-content\/uploads\/2015\/04\/monolitui-betono-iseiga-300x233.png 300w, https:\/\/www.haus-blokeliai.lt\/wp-content\/uploads\/2015\/04\/monolitui-betono-iseiga-110x86.png 110w, https:\/\/www.haus-blokeliai.lt\/wp-content\/uploads\/2015\/04\/monolitui-betono-iseiga-141x110.png 141w, https:\/\/www.haus-blokeliai.lt\/wp-content\/uploads\/2015\/04\/monolitui-betono-iseiga-96x75.png 96w, https:\/\/www.haus-blokeliai.lt\/wp-content\/uploads\/2015\/04\/monolitui-betono-iseiga-325x253.png 325w\" sizes=\"(max-width: 424px) 100vw, 424px\" \/><\/a><\/p>\n<p><strong>Betonavimo darbai<\/strong><\/p>\n<p>Betonavimo darbai atliekami pagal ST 121895674.06:2009\u00a0 &#8220;Betonavimo darbai&#8221; reikalavimus. Betono mi\u0161inys klojamas horizontaliais sluoksniais visame betonuojamos konstrukcijos plote. Kad visa betonin\u0117 konstrukcija b\u016bt\u0173 vienalyt\u0117, k\u0105 tik paruo\u0161t\u0105 betono mi\u0161in\u012f reikia kloti ant ankstesnio\u00a0\u00a0 sutankinto sluoksnio, kurio cementas dar neprad\u0117jo stingti.<\/p>\n<p>Prie\u0161 u\u017emonolitinant HAUS klojini\u0173 blokus, j\u0173 pavir\u0161ius dr\u0117kinamas vandeniu. Rekomenduojama u\u017ebetonuoti iki trij\u0173 blok\u0173 eili\u0173, kai betono slankumo klas\u0117 S3 (takus). Kai konstrukcija yra auk\u0161ta, betonavimas vykdomas etapais. Kiekviename etape u\u017ebetonuojama trys su puse blok\u0173 eil\u0117s. Taip u\u017etikrinamas betono ir HAUS klojini\u0173 blok\u0173 sukibtis. Naudojamas C16\/20 klas\u0117s betonas.<\/p>\n<p>Pradin\u0117je sukloto betono kiet\u0117jimo stadijoje reikia palaikyti tam tikr\u0105 temperat\u016bros ir dr\u0117gm\u0117s re\u017eim\u0105. Betonas, periodi\u0161kai laistomas, vasar\u0105 saugomas nuo saul\u0117s spinduli\u0173, o \u017eiem\u0105 &#8211; nuo \u0161al\u010dio. Atviri betono pavir\u0161iai u\u017edengiami\u00a0 ne v\u0117liau kaip po 10-12 valand\u0173 nuo betonavimo pabaigos.<\/p>\n<p>Vasar\u0105 betonas, pagamintas su paprastu portlandcemen\u010diu, laistomas septynias paras. Kai oro temperat\u016bra auk\u0161tesn\u0117 kaip 15\u00b0 C, pirm\u0105sias tris paras dien\u0105 betonas laistomas kas 3 h ir vien\u0105 kart\u0105 nakt\u012f, v\u0117liau &#8211; ne re\u010diau kaip tris kartus per par\u0105. I\u0161betonuot\u0105 konstrukcij\u0105 galima prad\u0117ti laistyti tik po 5- 10 h. Kai paros oro vidutin\u0117 temperat\u016bra yra 3\u00b0 C ir \u017eemesn\u0117, betono galima nelaistyti.<\/p>\n<p>Kiet\u0117jan\u010dio betono prie\u017ei\u016bros trukm\u0117 nustatoma, atsi\u017evelgiant \u012f cemento hidratacijos greit\u012f, betono savybes, aplinkos temperat\u016br\u0105 ir santykin\u0119 dr\u0117gm\u0119. \u012evertinant tuos faktorius kiet\u0117jan\u010dio betono prie\u017ei\u016bros trukm\u0117 b\u016bna nuo\u00a0 2 iki 10 par\u0173.<\/p>\n<p>Tais atvejais, kai betonas turi b\u016bti atsparus dilumui arba yra veikiamas nepalanki\u0173 aplinkos s\u0105lyg\u0173 prie\u017ei\u016bros trukm\u0117 turi b\u016bti pailginta.<\/p>\n<p>I\u0161ramstym\u0173 nu\u0117mimo laikas priklauso nuo betono kiet\u0117jimo grei\u010dio ir konstrukcijos paskirties.<\/p>\n","protected":false},"excerpt":{"rendered":"<p>Monolitinis \u017eiedas i\u0161 blokeli\u0173 Remiant perdangos ir kitas konstrukcijas ant m\u016bro blok\u0173, rekomenduojama apkrovas m\u016brui perduoti per monolitin\u012f \u017eied\u0105. Monolitinio \u017eiedo \u012frengimui rekomenduojama naudoti HAUS klojini\u0173 blokus. Pagal sienos konstrukcijos stor\u012f parenkami 20 cm arba 30 cm plo\u010dio klojini\u0173 blokai. Taip \u012frengiamas 25 cm auk\u0161\u010dio monolitinis gel\u017ebetoninis \u017eiedas. Betoniai gaminiai HAUS P6-20 arba P6-30 atitinka [&hellip;]<\/p>\n","protected":false},"author":1,"featured_media":0,"parent":0,"menu_order":0,"comment_status":"open","ping_status":"open","template":"","meta":{"_links_to":"","_links_to_target":""},"translation":{"provider":"WPGlobus","version":"2.7.5","language":"ru","enabled_languages":["lt","ru"],"languages":{"lt":{"title":true,"content":true,"excerpt":false},"ru":{"title":false,"content":false,"excerpt":false}}},"yoast_head":"<!-- This site is optimized with the Yoast SEO plugin v16.4 - https:\/\/yoast.com\/wordpress\/plugins\/seo\/ -->\n<meta name=\"robots\" content=\"index, follow, max-snippet:-1, max-image-preview:large, max-video-preview:-1\" \/>\n<link rel=\"canonical\" href=\"https:\/\/www.haus-blokeliai.lt\/monolitinis-ziedas-is-blokeliu\/\" \/>\n<meta property=\"og:locale\" content=\"ru_RU\" \/>\n<meta property=\"og:type\" content=\"article\" \/>\n<meta property=\"og:title\" content=\"Monolitinis \u017eiedas i\u0161 Haus blokeli\u0173\" \/>\n<meta property=\"og:url\" content=\"https:\/\/www.haus-blokeliai.lt\/monolitinis-ziedas-is-blokeliu\/\" \/>\n<meta property=\"article:modified_time\" content=\"2015-04-17T08:11:50+00:00\" \/>\n<meta property=\"og:image\" content=\"https:\/\/www.haus-blokeliai.lt\/wp-content\/uploads\/2015\/04\/monolitinis-ziedas.jpg\" \/>\n<meta name=\"twitter:label1\" content=\"Est. reading time\" \/>\n\t<meta name=\"twitter:data1\" content=\"3 minutes\" \/>\n<script type=\"application\/ld+json\" class=\"yoast-schema-graph\">{\"@context\":\"https:\/\/schema.org\",\"@graph\":[{\"@type\":\"WebSite\",\"@id\":\"https:\/\/www.haus-blokeliai.lt\/#website\",\"url\":\"https:\/\/www.haus-blokeliai.lt\/\",\"name\":\"\",\"description\":\"\",\"potentialAction\":[{\"@type\":\"SearchAction\",\"target\":\"https:\/\/www.haus-blokeliai.lt\/?s={search_term_string}\",\"query-input\":\"required name=search_term_string\"}],\"inLanguage\":\"ru-RU\"},{\"@type\":\"ImageObject\",\"@id\":\"https:\/\/www.haus-blokeliai.lt\/monolitinis-ziedas-is-blokeliu\/#primaryimage\",\"inLanguage\":\"ru-RU\",\"url\":\"https:\/\/www.haus-blokeliai.lt\/wp-content\/uploads\/2015\/04\/monolitinis-ziedas.jpg\",\"contentUrl\":\"https:\/\/www.haus-blokeliai.lt\/wp-content\/uploads\/2015\/04\/monolitinis-ziedas.jpg\"},{\"@type\":\"WebPage\",\"@id\":\"https:\/\/www.haus-blokeliai.lt\/monolitinis-ziedas-is-blokeliu\/#webpage\",\"url\":\"https:\/\/www.haus-blokeliai.lt\/monolitinis-ziedas-is-blokeliu\/\",\"name\":\"Monolitinis \\u017eiedas i\\u0161 Haus blokeli\\u0173\",\"isPartOf\":{\"@id\":\"https:\/\/www.haus-blokeliai.lt\/#website\"},\"primaryImageOfPage\":{\"@id\":\"https:\/\/www.haus-blokeliai.lt\/monolitinis-ziedas-is-blokeliu\/#primaryimage\"},\"datePublished\":\"2015-04-17T08:10:01+00:00\",\"dateModified\":\"2015-04-17T08:11:50+00:00\",\"breadcrumb\":{\"@id\":\"https:\/\/www.haus-blokeliai.lt\/monolitinis-ziedas-is-blokeliu\/#breadcrumb\"},\"inLanguage\":\"ru-RU\",\"potentialAction\":[{\"@type\":\"ReadAction\",\"target\":[\"https:\/\/www.haus-blokeliai.lt\/monolitinis-ziedas-is-blokeliu\/\"]}]},{\"@type\":\"BreadcrumbList\",\"@id\":\"https:\/\/www.haus-blokeliai.lt\/monolitinis-ziedas-is-blokeliu\/#breadcrumb\",\"itemListElement\":[{\"@type\":\"ListItem\",\"position\":1,\"item\":{\"@type\":\"WebPage\",\"@id\":\"https:\/\/www.haus-blokeliai.lt\/\",\"url\":\"https:\/\/www.haus-blokeliai.lt\/\",\"name\":\"Prad\\u017eia\"}},{\"@type\":\"ListItem\",\"position\":2,\"item\":{\"@id\":\"https:\/\/www.haus-blokeliai.lt\/monolitinis-ziedas-is-blokeliu\/#webpage\"}}]}]}<\/script>\n<!-- \/ Yoast SEO plugin. -->","_links":{"self":[{"href":"https:\/\/www.haus-blokeliai.lt\/ru\/wp-json\/wp\/v2\/pages\/866"}],"collection":[{"href":"https:\/\/www.haus-blokeliai.lt\/ru\/wp-json\/wp\/v2\/pages"}],"about":[{"href":"https:\/\/www.haus-blokeliai.lt\/ru\/wp-json\/wp\/v2\/types\/page"}],"author":[{"embeddable":true,"href":"https:\/\/www.haus-blokeliai.lt\/ru\/wp-json\/wp\/v2\/users\/1"}],"replies":[{"embeddable":true,"href":"https:\/\/www.haus-blokeliai.lt\/ru\/wp-json\/wp\/v2\/comments?post=866"}],"version-history":[{"count":4,"href":"https:\/\/www.haus-blokeliai.lt\/ru\/wp-json\/wp\/v2\/pages\/866\/revisions"}],"predecessor-version":[{"id":876,"href":"https:\/\/www.haus-blokeliai.lt\/ru\/wp-json\/wp\/v2\/pages\/866\/revisions\/876"}],"wp:attachment":[{"href":"https:\/\/www.haus-blokeliai.lt\/ru\/wp-json\/wp\/v2\/media?parent=866"}],"curies":[{"name":"wp","href":"https:\/\/api.w.org\/{rel}","templated":true}]}}