{"id":816,"date":"2015-04-15T14:29:57","date_gmt":"2015-04-15T14:29:57","guid":{"rendered":"https:\/\/www.haus-blokeliai.lt\/?page_id=816"},"modified":"2015-04-15T14:29:57","modified_gmt":"2015-04-15T14:29:57","slug":"10cm-storo-pertvaros","status":"publish","type":"page","link":"https:\/\/www.haus-blokeliai.lt\/ru\/10cm-storo-pertvaros\/","title":{"rendered":"10cm storo pertvaros"},"content":{"rendered":"<p><a href=\"https:\/\/www.haus-blokeliai.lt\/wp-content\/uploads\/2015\/04\/10-cm-storio-pertvaros.jpg\"><img loading=\"lazy\" class=\"alignleft size-full wp-image-817\" src=\"https:\/\/www.haus-blokeliai.lt\/wp-content\/uploads\/2015\/04\/10-cm-storio-pertvaros.jpg\" alt=\"10 cm storio pertvaros\" width=\"665\" height=\"374\" srcset=\"https:\/\/www.haus-blokeliai.lt\/wp-content\/uploads\/2015\/04\/10-cm-storio-pertvaros.jpg 665w, https:\/\/www.haus-blokeliai.lt\/wp-content\/uploads\/2015\/04\/10-cm-storio-pertvaros-300x169.jpg 300w, https:\/\/www.haus-blokeliai.lt\/wp-content\/uploads\/2015\/04\/10-cm-storio-pertvaros-110x62.jpg 110w, https:\/\/www.haus-blokeliai.lt\/wp-content\/uploads\/2015\/04\/10-cm-storio-pertvaros-196x110.jpg 196w, https:\/\/www.haus-blokeliai.lt\/wp-content\/uploads\/2015\/04\/10-cm-storio-pertvaros-133x75.jpg 133w, https:\/\/www.haus-blokeliai.lt\/wp-content\/uploads\/2015\/04\/10-cm-storio-pertvaros-640x360.jpg 640w, https:\/\/www.haus-blokeliai.lt\/wp-content\/uploads\/2015\/04\/10-cm-storio-pertvaros-450x253.jpg 450w\" sizes=\"(max-width: 665px) 100vw, 665px\" \/><\/a><\/p>\n<p>&nbsp;<\/p>\n<h2>10cm. storio pertvaros i\u0161 blokeli\u0173<\/h2>\n<p>Vidin\u0117s sienos, atlaikan\u010dios tik nuosav\u0105 svor\u012f projektuojamos i\u0161 pirmos kategorijos betonini\u0173 blok\u0173 HAUS SP pagal standart\u0105 EN 771-3. Naudojam\u0173 betonini\u0173 m\u016bro gamini\u0173 tankis \u2265 1050 kg\/m<sup>3<\/sup>. Normalizuotas vidutinis gniu\u017edomasis stipris lygus f<sub>b<\/sub>= 7,2 N\/mm<sup>2<\/sup>, kurie nustatyti pagal\u00a0 LST EN 771-3:2011.<\/p>\n<p>Betonini\u0173 blok\u0173 HAUS SP technin\u0117s charakteristikos:<\/p>\n<p><a href=\"https:\/\/www.haus-blokeliai.lt\/wp-content\/uploads\/2015\/04\/10cm-pertvaru-blokeliai.png\"><img loading=\"lazy\" class=\"alignleft size-full wp-image-819\" src=\"https:\/\/www.haus-blokeliai.lt\/wp-content\/uploads\/2015\/04\/10cm-pertvaru-blokeliai.png\" alt=\"10cm pertvaru blokeliai\" width=\"652\" height=\"454\" srcset=\"https:\/\/www.haus-blokeliai.lt\/wp-content\/uploads\/2015\/04\/10cm-pertvaru-blokeliai.png 652w, https:\/\/www.haus-blokeliai.lt\/wp-content\/uploads\/2015\/04\/10cm-pertvaru-blokeliai-300x209.png 300w, https:\/\/www.haus-blokeliai.lt\/wp-content\/uploads\/2015\/04\/10cm-pertvaru-blokeliai-110x77.png 110w, https:\/\/www.haus-blokeliai.lt\/wp-content\/uploads\/2015\/04\/10cm-pertvaru-blokeliai-158x110.png 158w, https:\/\/www.haus-blokeliai.lt\/wp-content\/uploads\/2015\/04\/10cm-pertvaru-blokeliai-108x75.png 108w, https:\/\/www.haus-blokeliai.lt\/wp-content\/uploads\/2015\/04\/10cm-pertvaru-blokeliai-640x446.png 640w, https:\/\/www.haus-blokeliai.lt\/wp-content\/uploads\/2015\/04\/10cm-pertvaru-blokeliai-363x253.png 363w\" sizes=\"(max-width: 652px) 100vw, 652px\" \/><\/a><\/p>\n<p><strong>Betonini\u0173 blok\u0173 sien\u0173 montavimas<\/strong><\/p>\n<p>M\u016bro gaminiai pagal LST EN 1996-1-1:2005 reikalavimus turi b\u016bti perri\u0161ami perstumiant gaminius atstumu <em>a<\/em>:<\/p>\n<p><a href=\"https:\/\/www.haus-blokeliai.lt\/wp-content\/uploads\/2015\/04\/perrisimas-blokeliu.png\"><img loading=\"lazy\" class=\"alignleft size-full wp-image-768\" src=\"https:\/\/www.haus-blokeliai.lt\/wp-content\/uploads\/2015\/04\/perrisimas-blokeliu.png\" alt=\"pertvaros\" width=\"411\" height=\"197\" srcset=\"https:\/\/www.haus-blokeliai.lt\/wp-content\/uploads\/2015\/04\/perrisimas-blokeliu.png 411w, https:\/\/www.haus-blokeliai.lt\/wp-content\/uploads\/2015\/04\/perrisimas-blokeliu-300x144.png 300w, https:\/\/www.haus-blokeliai.lt\/wp-content\/uploads\/2015\/04\/perrisimas-blokeliu-110x53.png 110w, https:\/\/www.haus-blokeliai.lt\/wp-content\/uploads\/2015\/04\/perrisimas-blokeliu-229x110.png 229w, https:\/\/www.haus-blokeliai.lt\/wp-content\/uploads\/2015\/04\/perrisimas-blokeliu-156x75.png 156w\" sizes=\"(max-width: 411px) 100vw, 411px\" \/><\/a><\/p>\n<p>&nbsp;<\/p>\n<p>&nbsp;<\/p>\n<p>a \u2265 0,4 \u00b7 hu mm,<br \/>\n\u2265 40 mm, kai hu \u2264 250 mm<\/p>\n<p>&nbsp;<\/p>\n<p>&nbsp;<\/p>\n<p>Ma\u017eiausias m\u016bro gamini\u0173 perri\u0161imo perstumiant ilgis 10 cm. Sien\u0173 kampuose m\u016bro gamini\u0173 perst\u016bmimo dydis a turi b\u016bti ne ma\u017eesnis kaip gaminio plotis bu.<br \/>\nBetoniniai blokai HAUS SP m\u016brijami naudojant bendrosios paskirties m\u016bro skiedin\u012f. Guls\u010di\u0173j\u0173 si\u016bli\u0173 storis yra 10 \u2013 15 mm, priklausomai nuo horizontaliosios armat\u016bros:<\/p>\n<p><a href=\"https:\/\/www.haus-blokeliai.lt\/wp-content\/uploads\/2015\/04\/isorine-siena-.png\"><img loading=\"lazy\" class=\"alignleft size-full wp-image-820\" src=\"https:\/\/www.haus-blokeliai.lt\/wp-content\/uploads\/2015\/04\/isorine-siena-.png\" alt=\"isorine-siena-\" width=\"358\" height=\"153\" srcset=\"https:\/\/www.haus-blokeliai.lt\/wp-content\/uploads\/2015\/04\/isorine-siena-.png 358w, https:\/\/www.haus-blokeliai.lt\/wp-content\/uploads\/2015\/04\/isorine-siena--300x128.png 300w, https:\/\/www.haus-blokeliai.lt\/wp-content\/uploads\/2015\/04\/isorine-siena--110x47.png 110w, https:\/\/www.haus-blokeliai.lt\/wp-content\/uploads\/2015\/04\/isorine-siena--257x110.png 257w, https:\/\/www.haus-blokeliai.lt\/wp-content\/uploads\/2015\/04\/isorine-siena--175x75.png 175w\" sizes=\"(max-width: 358px) 100vw, 358px\" \/><\/a><\/p>\n<p>&nbsp;<\/p>\n<p>&nbsp;<\/p>\n<p>&nbsp;<\/p>\n<p>&nbsp;<\/p>\n<p>Statmenosios m\u016bro si\u016bl\u0117s u\u017epildomos m\u016brijimo skiediniu. M\u016bro skiedinys turi atitikti LST EN 1998-2 reikalavimus. Tarp paskutin\u0117s m\u016bro eil\u0117s ir perdangos paliekamas 3 \u2013 4 cm tarpas, kuris v\u0117liau u\u017etaisomas termoizoliacine med\u017eiaga bei tarpine.<br \/>\nSkiedinio i\u0161eiga HAUS m\u016brui:<\/p>\n<p><a href=\"https:\/\/www.haus-blokeliai.lt\/wp-content\/uploads\/2015\/04\/skiedinio-iseiga-murui.png\"><img loading=\"lazy\" class=\"alignleft size-full wp-image-821\" src=\"https:\/\/www.haus-blokeliai.lt\/wp-content\/uploads\/2015\/04\/skiedinio-iseiga-murui.png\" alt=\"skiedinio iseiga murui\" width=\"484\" height=\"106\" srcset=\"https:\/\/www.haus-blokeliai.lt\/wp-content\/uploads\/2015\/04\/skiedinio-iseiga-murui.png 484w, https:\/\/www.haus-blokeliai.lt\/wp-content\/uploads\/2015\/04\/skiedinio-iseiga-murui-300x66.png 300w, https:\/\/www.haus-blokeliai.lt\/wp-content\/uploads\/2015\/04\/skiedinio-iseiga-murui-110x24.png 110w, https:\/\/www.haus-blokeliai.lt\/wp-content\/uploads\/2015\/04\/skiedinio-iseiga-murui-290x64.png 290w\" sizes=\"(max-width: 484px) 100vw, 484px\" \/><\/a><\/p>\n<p>\u017diem\u0105 naudojam\u0173 mi\u0161ini\u0173 temperat\u016bra, jeigu nenaudojama speciali\u0173 prie\u0161\u0161altini\u0173 pried\u0173, turi b\u016bti ne \u017eemesn\u0117 kaip +5 \u00baC. M\u016brijant neigiamoje temperat\u016broje, naudojami \u0161al\u010diui atspar\u016bs cheminiai priedai, nesukeliantys m\u016brijimo med\u017eiagos korozijos (pota\u0161as, natrio nitritas, sumai\u0161yti papildai ir pan.), kiet\u0117jantys \u0161altyje ne\u0161ildant.<\/p>\n<p><strong>M\u016bro gamini\u0173 degumas ir atsparumas ugniai<\/strong><\/p>\n<p>Pagal darn\u0173j\u012f produkto standart\u0105 LST EN 771-3+A1:2005 gaminami blokai HAUS SP atitinka A1 degumo klas\u0119. HAUS SP m\u016bro sienos atsparumo ugniai vert\u0117s:<\/p>\n<p><a href=\"https:\/\/www.haus-blokeliai.lt\/wp-content\/uploads\/2015\/04\/skiedinio-iseiga-vienam-blokui.png\"><img loading=\"lazy\" class=\"alignleft size-full wp-image-822\" src=\"https:\/\/www.haus-blokeliai.lt\/wp-content\/uploads\/2015\/04\/skiedinio-iseiga-vienam-blokui.png\" alt=\"skiedinio iseiga vienam blokui\" width=\"484\" height=\"106\" srcset=\"https:\/\/www.haus-blokeliai.lt\/wp-content\/uploads\/2015\/04\/skiedinio-iseiga-vienam-blokui.png 484w, https:\/\/www.haus-blokeliai.lt\/wp-content\/uploads\/2015\/04\/skiedinio-iseiga-vienam-blokui-300x66.png 300w, https:\/\/www.haus-blokeliai.lt\/wp-content\/uploads\/2015\/04\/skiedinio-iseiga-vienam-blokui-110x24.png 110w, https:\/\/www.haus-blokeliai.lt\/wp-content\/uploads\/2015\/04\/skiedinio-iseiga-vienam-blokui-290x64.png 290w\" sizes=\"(max-width: 484px) 100vw, 484px\" \/><\/a><\/p>\n<p>&nbsp;<\/p>\n<p>&nbsp;<\/p>\n<p>&nbsp;<\/p>\n<p>Danga \u2013 su gipsu sumai\u0161ytu tinku pagal EN 13279-1 nuostatas i\u0161 abiej\u0173 pusi\u0173.<\/p>\n<p><strong>Susikertan\u010di\u0173 sien\u0173 sand\u016bra<\/strong><\/p>\n<p>Susikertan\u010dias laikan\u010di\u0105sias sienas vien\u0105 su kita reikia taip sujungti, kad tarp j\u0173 b\u016bt\u0173 galima perduoti<br \/>\nreikalingas vertikali\u0105sias ir \u0161onines j\u0117gas (pagal EN 1996-1-1:2005).<br \/>\nSien\u0173 susikirtimo jungtis gali b\u016bti padaryta i\u0161: m\u016bro perri\u0161os arba jungi\u0173 arba \u012f abi sienas prat\u0119stos armat\u016bros.<br \/>\nSusikertan\u010dias sienas reikia m\u016bryti tuo pa\u010diu metu.<\/p>\n<p><strong>S\u0105ramos \u012frengimas<\/strong><\/p>\n<p>Betonini\u0173 blok\u0173 HAUS SP s\u0105rama armuojama UW tipo profiliu (100x40x0,5), kuris inkaruojamas horizontalioje m\u016bro si\u016bl\u0117je atstumu l<sub>UW<\/sub>\u00a0 \u2265 120 mm. Profiliuo\u010dio viduje klojami ir u\u017ebetonuojami 2\u00d88 S240 klas\u0117s strypai, kurie inkaruojami m\u016bro horizontalioje\u00a0 si\u016bl\u0117je atstumu l<sub>As1<\/sub>\u00a0 \u2265 400 mm.<br \/>\n&nbsp;<\/p>\n<p>&nbsp;<\/p>\n","protected":false},"excerpt":{"rendered":"<p>&nbsp; 10cm. storio pertvaros i\u0161 blokeli\u0173 Vidin\u0117s sienos, atlaikan\u010dios tik nuosav\u0105 svor\u012f projektuojamos i\u0161 pirmos kategorijos betonini\u0173 blok\u0173 HAUS SP pagal standart\u0105 EN 771-3. Naudojam\u0173 betonini\u0173 m\u016bro gamini\u0173 tankis \u2265 1050 kg\/m3. Normalizuotas vidutinis gniu\u017edomasis stipris lygus fb= 7,2 N\/mm2, kurie nustatyti pagal\u00a0 LST EN 771-3:2011. Betonini\u0173 blok\u0173 HAUS SP technin\u0117s charakteristikos: Betonini\u0173 blok\u0173 sien\u0173 [&hellip;]<\/p>\n","protected":false},"author":1,"featured_media":0,"parent":0,"menu_order":0,"comment_status":"open","ping_status":"open","template":"","meta":{"_links_to":"","_links_to_target":""},"translation":{"provider":"WPGlobus","version":"2.7.5","language":"ru","enabled_languages":["lt","ru"],"languages":{"lt":{"title":true,"content":true,"excerpt":false},"ru":{"title":false,"content":false,"excerpt":false}}},"yoast_head":"<!-- This site is optimized with the Yoast SEO plugin v16.4 - https:\/\/yoast.com\/wordpress\/plugins\/seo\/ -->\n<meta name=\"robots\" content=\"index, follow, max-snippet:-1, max-image-preview:large, max-video-preview:-1\" \/>\n<link rel=\"canonical\" href=\"https:\/\/www.haus-blokeliai.lt\/ru\/10cm-storo-pertvaros\/\" \/>\n<meta property=\"og:locale\" content=\"ru_RU\" \/>\n<meta property=\"og:type\" content=\"article\" \/>\n<meta property=\"og:title\" content=\"-\" \/>\n<meta property=\"og:url\" content=\"https:\/\/www.haus-blokeliai.lt\/ru\/10cm-storo-pertvaros\/\" \/>\n<meta property=\"og:image\" content=\"https:\/\/www.haus-blokeliai.lt\/wp-content\/uploads\/2015\/04\/10-cm-storio-pertvaros.jpg\" \/>\n<meta name=\"twitter:label1\" content=\"Est. reading time\" \/>\n\t<meta name=\"twitter:data1\" content=\"2 minutes\" \/>\n<script type=\"application\/ld+json\" class=\"yoast-schema-graph\">{\"@context\":\"https:\/\/schema.org\",\"@graph\":[{\"@type\":\"WebSite\",\"@id\":\"https:\/\/www.haus-blokeliai.lt\/#website\",\"url\":\"https:\/\/www.haus-blokeliai.lt\/\",\"name\":\"\",\"description\":\"\",\"potentialAction\":[{\"@type\":\"SearchAction\",\"target\":\"https:\/\/www.haus-blokeliai.lt\/?s={search_term_string}\",\"query-input\":\"required name=search_term_string\"}],\"inLanguage\":\"ru-RU\"},{\"@type\":\"ImageObject\",\"@id\":\"https:\/\/www.haus-blokeliai.lt\/ru\/10cm-storo-pertvaros\/#primaryimage\",\"inLanguage\":\"ru-RU\",\"url\":\"https:\/\/www.haus-blokeliai.lt\/wp-content\/uploads\/2015\/04\/10-cm-storio-pertvaros.jpg\",\"contentUrl\":\"https:\/\/www.haus-blokeliai.lt\/wp-content\/uploads\/2015\/04\/10-cm-storio-pertvaros.jpg\"},{\"@type\":\"WebPage\",\"@id\":\"https:\/\/www.haus-blokeliai.lt\/ru\/10cm-storo-pertvaros\/#webpage\",\"url\":\"https:\/\/www.haus-blokeliai.lt\/ru\/10cm-storo-pertvaros\/\",\"name\":\" -\",\"isPartOf\":{\"@id\":\"https:\/\/www.haus-blokeliai.lt\/#website\"},\"primaryImageOfPage\":{\"@id\":\"https:\/\/www.haus-blokeliai.lt\/ru\/10cm-storo-pertvaros\/#primaryimage\"},\"datePublished\":\"2015-04-15T14:29:57+00:00\",\"dateModified\":\"2015-04-15T14:29:57+00:00\",\"breadcrumb\":{\"@id\":\"https:\/\/www.haus-blokeliai.lt\/ru\/10cm-storo-pertvaros\/#breadcrumb\"},\"inLanguage\":\"ru-RU\",\"potentialAction\":[{\"@type\":\"ReadAction\",\"target\":[\"https:\/\/www.haus-blokeliai.lt\/ru\/10cm-storo-pertvaros\/\"]}]},{\"@type\":\"BreadcrumbList\",\"@id\":\"https:\/\/www.haus-blokeliai.lt\/ru\/10cm-storo-pertvaros\/#breadcrumb\",\"itemListElement\":[{\"@type\":\"ListItem\",\"position\":1,\"item\":{\"@type\":\"WebPage\",\"@id\":\"https:\/\/www.haus-blokeliai.lt\/\",\"url\":\"https:\/\/www.haus-blokeliai.lt\/\",\"name\":\"Prad\\u017eia\"}},{\"@type\":\"ListItem\",\"position\":2,\"item\":{\"@id\":\"https:\/\/www.haus-blokeliai.lt\/ru\/10cm-storo-pertvaros\/#webpage\"}}]}]}<\/script>\n<!-- \/ Yoast SEO plugin. -->","_links":{"self":[{"href":"https:\/\/www.haus-blokeliai.lt\/ru\/wp-json\/wp\/v2\/pages\/816"}],"collection":[{"href":"https:\/\/www.haus-blokeliai.lt\/ru\/wp-json\/wp\/v2\/pages"}],"about":[{"href":"https:\/\/www.haus-blokeliai.lt\/ru\/wp-json\/wp\/v2\/types\/page"}],"author":[{"embeddable":true,"href":"https:\/\/www.haus-blokeliai.lt\/ru\/wp-json\/wp\/v2\/users\/1"}],"replies":[{"embeddable":true,"href":"https:\/\/www.haus-blokeliai.lt\/ru\/wp-json\/wp\/v2\/comments?post=816"}],"version-history":[{"count":2,"href":"https:\/\/www.haus-blokeliai.lt\/ru\/wp-json\/wp\/v2\/pages\/816\/revisions"}],"predecessor-version":[{"id":824,"href":"https:\/\/www.haus-blokeliai.lt\/ru\/wp-json\/wp\/v2\/pages\/816\/revisions\/824"}],"wp:attachment":[{"href":"https:\/\/www.haus-blokeliai.lt\/ru\/wp-json\/wp\/v2\/media?parent=816"}],"curies":[{"name":"wp","href":"https:\/\/api.w.org\/{rel}","templated":true}]}}