{"id":674,"date":"2015-04-08T12:34:20","date_gmt":"2015-04-08T12:34:20","guid":{"rendered":"http:\/\/haus-blokeliai.lt\/?page_id=674"},"modified":"2015-04-14T20:05:23","modified_gmt":"2015-04-14T20:05:23","slug":"rostverko-armavimas","status":"publish","type":"page","link":"https:\/\/www.haus-blokeliai.lt\/ru\/rostverko-armavimas\/","title":{"rendered":"Rostverko armavimas"},"content":{"rendered":"<h2>Rostverko armavimas<\/h2>\n<p><strong>Ma\u017eiausias apsauginis betono sluoksnis<\/strong><br \/>\nVardinis apsauginis betono sluoksnis projektuojamas pagal LST EN 1992-1-1:2005 reikalavimus:<\/p>\n<p>cmin \u2013 ma\u017eiausias apsauginio betono sluoksnio storis;<\/p>\n<p>\u0394cdev \u2013 apsauginio betono sluoksnio storio nuokrypis, 10 mm.<\/p>\n<p><a href=\"https:\/\/www.haus-blokeliai.lt\/wp-content\/uploads\/2015\/04\/rostverko-armavimas.png\"><img loading=\"lazy\" class=\"  wp-image-771 aligncenter\" src=\"https:\/\/www.haus-blokeliai.lt\/wp-content\/uploads\/2015\/04\/rostverko-armavimas.png\" alt=\"rostverko armavimas\" width=\"858\" height=\"523\" srcset=\"https:\/\/www.haus-blokeliai.lt\/wp-content\/uploads\/2015\/04\/rostverko-armavimas.png 955w, https:\/\/www.haus-blokeliai.lt\/wp-content\/uploads\/2015\/04\/rostverko-armavimas-300x183.png 300w, https:\/\/www.haus-blokeliai.lt\/wp-content\/uploads\/2015\/04\/rostverko-armavimas-110x67.png 110w, https:\/\/www.haus-blokeliai.lt\/wp-content\/uploads\/2015\/04\/rostverko-armavimas-180x110.png 180w, https:\/\/www.haus-blokeliai.lt\/wp-content\/uploads\/2015\/04\/rostverko-armavimas-123x75.png 123w, https:\/\/www.haus-blokeliai.lt\/wp-content\/uploads\/2015\/04\/rostverko-armavimas-640x390.png 640w, https:\/\/www.haus-blokeliai.lt\/wp-content\/uploads\/2015\/04\/rostverko-armavimas-415x253.png 415w\" sizes=\"(max-width: 858px) 100vw, 858px\" \/><\/a><\/p>\n<p>Ma\u017eiausias betono sluoksnio storis i\u0161ilginei armat\u016brai:<\/p>\n<p>&nbsp;<\/p>\n<p>\u010dia<\/p>\n<p>k \u2013 koeficientas, priklausantis nuo pamato pagrindo. Ant nelygi\u0173 pavir\u0161i\u0173 liejamo betono ma\u017eiausias apsauginis betono sluoksnis padidinamas. Ma\u017eiausias apsauginis betono sluoksnis tur\u0117t\u0173 b\u016bti bent k1 mm, jei betonas liejamas ant paruo\u0161to grunto (\u012fskaitant barstal\u0105), ir k2 mm, jei betonas liejamas tiesiai ant grunto. Rekomenduojamos reik\u0161m\u0117s yra 40 mm ir 75 mm;<\/p>\n<p>cmin,b \u2013 ma\u017eiausias apsauginis betono sluoksnis pagal sukibties reikalavim\u0105 (LST EN 1992-1-1 4.2 lentel\u0117) atskirai i\u0161d\u0117stytiems strypams lygus strypo skersmeniui \u00d8;<\/p>\n<p>cmin,dur \u2013 ma\u017eiausias apsauginis betono sluoksnis pagal aplinkos s\u0105lyg\u0173 reikalavimus. Pagal konstrukcijos poveiki\u0173 klas\u0119 XC2 i\u0161 LST EN 1992-1-1 4.4N lentel\u0117s cmin,dur = 25 mm, kai rekomenduojama konstrukcijos klas\u0117 S4;<\/p>\n<p>\u0394cdur,\u03b3 \u2013 papildomas saugos elementas. Rekomenduojama reik\u0161m\u0117 yra 0 mm;<\/p>\n<p>\u0394cdur,st \u2013 ma\u017eiausio apsauginio betono sluoksnio suma\u017e\u0117jimas, jei naudojamas nerudyjantis plienas. Rekomenduojama reik\u0161m\u0117 be papildomo patikslinimo yra 0 mm;<\/p>\n<p>\u0394cdur,add \u2013 ma\u017eiausio apsauginio betono sluoksnio suma\u017e\u0117jimas, jei naudojama papildoma apsauga. Rekomenduojama reik\u0161m\u0117 be papildomo patikslinimo yra 0 mm.<\/p>\n<p>Ant nelygi\u0173 pavir\u0161i\u0173 liejamo betono ma\u017eiausias apsauginis betono sluoksnis turi b\u016bti padidinamas dyd\u017ei\u0173 k1 arba k2 mm: kai betonas liejamas ant paruo\u0161to grunto (\u012fskaitant barstal\u0105) k1=40 mm, kai tiesiai ant grunto \u2013 k2=75 mm.<\/p>\n<p><strong>Rostverko armat\u016bros parinkimas<\/strong><\/p>\n<p>Rostverko armat\u016bra skai\u010diuojama vadovaujantis euronormomis LST EN 1992-1-1:2005. Armuotas gel\u017ebetoninis rostverkas i\u0161 HAUS klojini\u0173 blok\u0173 P6-20 arba P6-30 skai\u010diuojamas kaip nekarpyta daugiaatram\u0117 sija, atremta ant pamato ir tampraus pagrindo. Sud\u0117ti klojini\u0173 blokai u\u017emonolitinami C 20\/25 klas\u0117s betonu. Armavimui naudojama S500 klas\u0117s armat\u016bra.<\/p>\n<p><a href=\"https:\/\/www.haus-blokeliai.lt\/wp-content\/uploads\/2015\/04\/rostverko-armavimas.png\"><img loading=\"lazy\" class=\"alignleft size-full wp-image-771\" src=\"https:\/\/www.haus-blokeliai.lt\/wp-content\/uploads\/2015\/04\/rostverko-armavimas.png\" alt=\"rostverko armavimas\" width=\"955\" height=\"582\" srcset=\"https:\/\/www.haus-blokeliai.lt\/wp-content\/uploads\/2015\/04\/rostverko-armavimas.png 955w, https:\/\/www.haus-blokeliai.lt\/wp-content\/uploads\/2015\/04\/rostverko-armavimas-300x183.png 300w, https:\/\/www.haus-blokeliai.lt\/wp-content\/uploads\/2015\/04\/rostverko-armavimas-110x67.png 110w, https:\/\/www.haus-blokeliai.lt\/wp-content\/uploads\/2015\/04\/rostverko-armavimas-180x110.png 180w, https:\/\/www.haus-blokeliai.lt\/wp-content\/uploads\/2015\/04\/rostverko-armavimas-123x75.png 123w, https:\/\/www.haus-blokeliai.lt\/wp-content\/uploads\/2015\/04\/rostverko-armavimas-640x390.png 640w, https:\/\/www.haus-blokeliai.lt\/wp-content\/uploads\/2015\/04\/rostverko-armavimas-415x253.png 415w\" sizes=\"(max-width: 955px) 100vw, 955px\" \/><\/a><a href=\"https:\/\/www.haus-blokeliai.lt\/wp-content\/uploads\/2015\/04\/lentele-rostverkui.png\"><img loading=\"lazy\" class=\"alignleft size-full wp-image-777\" src=\"https:\/\/www.haus-blokeliai.lt\/wp-content\/uploads\/2015\/04\/lentele-rostverkui.png\" alt=\"lentele rostverkui\" width=\"695\" height=\"599\" srcset=\"https:\/\/www.haus-blokeliai.lt\/wp-content\/uploads\/2015\/04\/lentele-rostverkui.png 695w, https:\/\/www.haus-blokeliai.lt\/wp-content\/uploads\/2015\/04\/lentele-rostverkui-300x259.png 300w, https:\/\/www.haus-blokeliai.lt\/wp-content\/uploads\/2015\/04\/lentele-rostverkui-110x95.png 110w, https:\/\/www.haus-blokeliai.lt\/wp-content\/uploads\/2015\/04\/lentele-rostverkui-128x110.png 128w, https:\/\/www.haus-blokeliai.lt\/wp-content\/uploads\/2015\/04\/lentele-rostverkui-87x75.png 87w, https:\/\/www.haus-blokeliai.lt\/wp-content\/uploads\/2015\/04\/lentele-rostverkui-567x489.png 567w, https:\/\/www.haus-blokeliai.lt\/wp-content\/uploads\/2015\/04\/lentele-rostverkui-294x253.png 294w\" sizes=\"(max-width: 695px) 100vw, 695px\" \/><\/a><br \/>\nSkersin\u0117s armat\u016bros inkaruojamas atliekamas pagal LST EN 1992-1-1:2005 reikalavimus: inkaraviamas kabliais (a ir b) arba privirinta inkaruoj\u0105ja armat\u016bras (c ir d).<a href=\"https:\/\/www.haus-blokeliai.lt\/wp-content\/uploads\/2015\/04\/rostverko-armavimas-armatura.gif\"><img loading=\"lazy\" class=\"alignleft size-full wp-image-774\" src=\"https:\/\/www.haus-blokeliai.lt\/wp-content\/uploads\/2015\/04\/rostverko-armavimas-armatura.gif\" alt=\"rostverko armavimas armatura\" width=\"4616\" height=\"3282\" \/><\/a><\/p>\n<p>&nbsp;<\/p>\n<table>\n<tbody>\n<tr>\n<td><\/td>\n<td><\/td>\n<td><\/td>\n<td><\/td>\n<\/tr>\n<tr>\n<td><\/td>\n<td><\/td>\n<td><\/td>\n<td><\/td>\n<\/tr>\n<tr>\n<td><\/td>\n<td><\/td>\n<td><\/td>\n<td><\/td>\n<\/tr>\n<\/tbody>\n<\/table>\n<p><a href=\"https:\/\/www.haus-blokeliai.lt\/wp-content\/uploads\/2015\/04\/skersines-armaturos-inkaravimas.png\"><img loading=\"lazy\" class=\"alignleft size-full wp-image-775\" src=\"https:\/\/www.haus-blokeliai.lt\/wp-content\/uploads\/2015\/04\/skersines-armaturos-inkaravimas.png\" alt=\"skersines armaturos inkaravimas\" width=\"1124\" height=\"393\" srcset=\"https:\/\/www.haus-blokeliai.lt\/wp-content\/uploads\/2015\/04\/skersines-armaturos-inkaravimas.png 1124w, https:\/\/www.haus-blokeliai.lt\/wp-content\/uploads\/2015\/04\/skersines-armaturos-inkaravimas-300x105.png 300w, https:\/\/www.haus-blokeliai.lt\/wp-content\/uploads\/2015\/04\/skersines-armaturos-inkaravimas-1024x358.png 1024w, https:\/\/www.haus-blokeliai.lt\/wp-content\/uploads\/2015\/04\/skersines-armaturos-inkaravimas-110x38.png 110w, https:\/\/www.haus-blokeliai.lt\/wp-content\/uploads\/2015\/04\/skersines-armaturos-inkaravimas-290x101.png 290w, https:\/\/www.haus-blokeliai.lt\/wp-content\/uploads\/2015\/04\/skersines-armaturos-inkaravimas-215x75.png 215w, https:\/\/www.haus-blokeliai.lt\/wp-content\/uploads\/2015\/04\/skersines-armaturos-inkaravimas-640x224.png 640w\" sizes=\"(max-width: 1124px) 100vw, 1124px\" \/><\/a><\/p>\n","protected":false},"excerpt":{"rendered":"<p>Rostverko armavimas Ma\u017eiausias apsauginis betono sluoksnis Vardinis apsauginis betono sluoksnis projektuojamas pagal LST EN 1992-1-1:2005 reikalavimus: cmin \u2013 ma\u017eiausias apsauginio betono sluoksnio storis; \u0394cdev \u2013 apsauginio betono sluoksnio storio nuokrypis, 10 mm. Ma\u017eiausias betono sluoksnio storis i\u0161ilginei armat\u016brai: &nbsp; \u010dia k \u2013 koeficientas, priklausantis nuo pamato pagrindo. Ant nelygi\u0173 pavir\u0161i\u0173 liejamo betono ma\u017eiausias apsauginis betono [&hellip;]<\/p>\n","protected":false},"author":1,"featured_media":0,"parent":0,"menu_order":0,"comment_status":"open","ping_status":"open","template":"","meta":{"_links_to":"","_links_to_target":""},"translation":{"provider":"WPGlobus","version":"2.7.5","language":"ru","enabled_languages":["lt","ru"],"languages":{"lt":{"title":true,"content":true,"excerpt":false},"ru":{"title":false,"content":false,"excerpt":false}}},"yoast_head":"<!-- This site is optimized with the Yoast SEO plugin v16.4 - https:\/\/yoast.com\/wordpress\/plugins\/seo\/ -->\n<meta name=\"robots\" content=\"index, follow, max-snippet:-1, max-image-preview:large, max-video-preview:-1\" \/>\n<link rel=\"canonical\" href=\"https:\/\/www.haus-blokeliai.lt\/rostverko-armavimas\/\" \/>\n<meta property=\"og:locale\" content=\"ru_RU\" \/>\n<meta property=\"og:type\" content=\"article\" \/>\n<meta property=\"og:url\" content=\"https:\/\/www.haus-blokeliai.lt\/rostverko-armavimas\/\" \/>\n<meta property=\"article:modified_time\" content=\"2015-04-14T20:05:23+00:00\" \/>\n<meta property=\"og:image\" content=\"https:\/\/www.haus-blokeliai.lt\/wp-content\/uploads\/2015\/04\/rostverko-armavimas.png\" \/>\n<meta name=\"twitter:label1\" content=\"Est. reading time\" \/>\n\t<meta name=\"twitter:data1\" content=\"2 minutes\" \/>\n<script type=\"application\/ld+json\" class=\"yoast-schema-graph\">{\"@context\":\"https:\/\/schema.org\",\"@graph\":[{\"@type\":\"WebSite\",\"@id\":\"https:\/\/www.haus-blokeliai.lt\/#website\",\"url\":\"https:\/\/www.haus-blokeliai.lt\/\",\"name\":\"\",\"description\":\"\",\"potentialAction\":[{\"@type\":\"SearchAction\",\"target\":\"https:\/\/www.haus-blokeliai.lt\/?s={search_term_string}\",\"query-input\":\"required name=search_term_string\"}],\"inLanguage\":\"ru-RU\"},{\"@type\":\"ImageObject\",\"@id\":\"https:\/\/www.haus-blokeliai.lt\/rostverko-armavimas\/#primaryimage\",\"inLanguage\":\"ru-RU\",\"url\":\"https:\/\/www.haus-blokeliai.lt\/wp-content\/uploads\/2015\/04\/rostverko-armavimas.png\",\"contentUrl\":\"https:\/\/www.haus-blokeliai.lt\/wp-content\/uploads\/2015\/04\/rostverko-armavimas.png\"},{\"@type\":\"WebPage\",\"@id\":\"https:\/\/www.haus-blokeliai.lt\/rostverko-armavimas\/#webpage\",\"url\":\"https:\/\/www.haus-blokeliai.lt\/rostverko-armavimas\/\",\"name\":\"\",\"isPartOf\":{\"@id\":\"https:\/\/www.haus-blokeliai.lt\/#website\"},\"primaryImageOfPage\":{\"@id\":\"https:\/\/www.haus-blokeliai.lt\/rostverko-armavimas\/#primaryimage\"},\"datePublished\":\"2015-04-08T12:34:20+00:00\",\"dateModified\":\"2015-04-14T20:05:23+00:00\",\"breadcrumb\":{\"@id\":\"https:\/\/www.haus-blokeliai.lt\/rostverko-armavimas\/#breadcrumb\"},\"inLanguage\":\"ru-RU\",\"potentialAction\":[{\"@type\":\"ReadAction\",\"target\":[\"https:\/\/www.haus-blokeliai.lt\/rostverko-armavimas\/\"]}]},{\"@type\":\"BreadcrumbList\",\"@id\":\"https:\/\/www.haus-blokeliai.lt\/rostverko-armavimas\/#breadcrumb\",\"itemListElement\":[{\"@type\":\"ListItem\",\"position\":1,\"item\":{\"@type\":\"WebPage\",\"@id\":\"https:\/\/www.haus-blokeliai.lt\/\",\"url\":\"https:\/\/www.haus-blokeliai.lt\/\",\"name\":\"Prad\\u017eia\"}},{\"@type\":\"ListItem\",\"position\":2,\"item\":{\"@id\":\"https:\/\/www.haus-blokeliai.lt\/rostverko-armavimas\/#webpage\"}}]}]}<\/script>\n<!-- \/ Yoast SEO plugin. -->","_links":{"self":[{"href":"https:\/\/www.haus-blokeliai.lt\/ru\/wp-json\/wp\/v2\/pages\/674"}],"collection":[{"href":"https:\/\/www.haus-blokeliai.lt\/ru\/wp-json\/wp\/v2\/pages"}],"about":[{"href":"https:\/\/www.haus-blokeliai.lt\/ru\/wp-json\/wp\/v2\/types\/page"}],"author":[{"embeddable":true,"href":"https:\/\/www.haus-blokeliai.lt\/ru\/wp-json\/wp\/v2\/users\/1"}],"replies":[{"embeddable":true,"href":"https:\/\/www.haus-blokeliai.lt\/ru\/wp-json\/wp\/v2\/comments?post=674"}],"version-history":[{"count":7,"href":"https:\/\/www.haus-blokeliai.lt\/ru\/wp-json\/wp\/v2\/pages\/674\/revisions"}],"predecessor-version":[{"id":785,"href":"https:\/\/www.haus-blokeliai.lt\/ru\/wp-json\/wp\/v2\/pages\/674\/revisions\/785"}],"wp:attachment":[{"href":"https:\/\/www.haus-blokeliai.lt\/ru\/wp-json\/wp\/v2\/media?parent=674"}],"curies":[{"name":"wp","href":"https:\/\/api.w.org\/{rel}","templated":true}]}}