{"id":256,"date":"2015-03-28T17:57:55","date_gmt":"2015-03-28T17:57:55","guid":{"rendered":"http:\/\/haus-blokeliai.lt\/?page_id=256"},"modified":"2015-03-28T17:57:55","modified_gmt":"2015-03-28T17:57:55","slug":"pamatu-blokeliai","status":"publish","type":"page","link":"https:\/\/www.haus-blokeliai.lt\/ru\/pamatu-blokeliai\/","title":{"rendered":"Pamat\u0173 blokeliai"},"content":{"rendered":"<h2>Pamat\u0173 blokeliai<\/h2>\n<p><a href=\"http:\/\/haus-blokeliai.lt\/www.haus-blokeliai.lt\">Haus pamat\u0173<\/a> blokeliai- tai lengvas ir greitas b\u016bdas pasidaryti pamatus.<br \/>\nPamatu blokeliai Haus yra dviej\u0173 r\u016b\u0161i\u0173 30 cm ir 20cm plo\u010dio.<\/p>\n<div id=\"attachment_137\" style=\"width: 242px\" class=\"wp-caption alignleft\"><a href=\"http:\/\/haus-blokeliai.lt\/wp-content\/uploads\/2015\/03\/pamatu-blokeliai-p6-20.png\"><img aria-describedby=\"caption-attachment-137\" loading=\"lazy\" class=\" wp-image-137\" src=\"http:\/\/haus-blokeliai.lt\/wp-content\/uploads\/2015\/03\/pamatu-blokeliai-p6-20.png\" alt=\"Pamat\u0173 blokai\" width=\"232\" height=\"193\" srcset=\"https:\/\/www.haus-blokeliai.lt\/wp-content\/uploads\/2015\/03\/pamatu-blokeliai-p6-20.png 336w, https:\/\/www.haus-blokeliai.lt\/wp-content\/uploads\/2015\/03\/pamatu-blokeliai-p6-20-300x250.png 300w, https:\/\/www.haus-blokeliai.lt\/wp-content\/uploads\/2015\/03\/pamatu-blokeliai-p6-20-110x92.png 110w, https:\/\/www.haus-blokeliai.lt\/wp-content\/uploads\/2015\/03\/pamatu-blokeliai-p6-20-132x110.png 132w, https:\/\/www.haus-blokeliai.lt\/wp-content\/uploads\/2015\/03\/pamatu-blokeliai-p6-20-90x75.png 90w, https:\/\/www.haus-blokeliai.lt\/wp-content\/uploads\/2015\/03\/pamatu-blokeliai-p6-20-304x253.png 304w\" sizes=\"(max-width: 232px) 100vw, 232px\" \/><\/a><p id=\"caption-attachment-137\" class=\"wp-caption-text\">Pamat\u0173 blokeliai<\/p><\/div>\n<p>Haus p6-30 pamat\u0173 blokeliai naudojami rostverko arba r\u016bsio statybai. I \u0161iuos pamat\u0173 blokelius ipilamo betono kiekis yra 1m3 blokeliu reikia 0.7 m3 betono. Armat\u016bros diametr\u0105 Jums turi paskai\u010diuoti konstruktorius.<br \/>\nPamatu blokeliai Haus p6-20 jie puikiai tinka rostverko statybai, pamat\u0173 \u012frengimas tvoroms, namams, atramin\u0117ms sienel\u0117ms<br \/>\nBetonini\u0173 blokeli\u0173 \u201eHaus\u201c sistemos yra efektyvus ir racionalus pasirinkimas statant individualius gyvenamuosius namus. Pamatams, sienoms, perdangoms ir kitoms namo dalims skirti \u201eHaus\u201c gaminiai pasi\u017eymi puikiu kainos ir kokyb\u0117s santykiu.<\/p>\n<p>M\u016bs\u0173 gaminiai patinka ne tik statytojams ir u\u017esakovams. Juos m\u0117gsta statyb\u0173 meistrai, profesional\u016bs m\u016brininkai, statybininkai, nes su \u201eHaus\u201c blokeliais yra paprasta ir lengva dirbti, juos nesud\u0117tinga montuoti.<br \/>\n\u201eHaus\u201c blokeliai yra 100 proc. nat\u016bralus produktas. Blokeli\u0173 gamybai naudojamos \u017ealiavos neturi \u017emogaus sveikatai kenksming\u0173 med\u017eiag\u0173. Visos \u201eHaus\u201c blokeli\u0173 gamybai reikalingos sud\u0117tin\u0117s dalys yra kilusios i\u0161 gamtos: \u017evyras, sm\u0117lis, cementas ir vanduo.<\/p>\n<p>Be jokios abejon\u0117s, did\u017eiausias m\u016bs\u0173 konkurencinis prana\u0161umas yra patraukli kaina. Kam mok\u0117ti u\u017e m\u016bro blokeli\u0173 stor\u012f ar j\u0173 izoliacines savybes, jei vis tiek ant i\u0161orini\u0173 sien\u0173 \u012frengin\u0117jame \u0161ilumos izoliacin\u012f sluoksn\u012f. Ant \u201eHaus\u201c blokeli\u0173 m\u016bro sienos galima montuoti bet kokio storio ir bet kurios konstrukcijos \u2013 tiek v\u0117dinam\u0105, tiek ir tinkuojam\u0105 \u2013 \u0161ilumos izoliacin\u012f sluoksn\u012f. Tokiu b\u016bdu galima pasiekti norim\u0105, net ir pa\u010di\u0105 efektyviausi\u0105, pasyviems ar energi\u0161kai efektyviems pastatams reikiam\u0105 atitvar\u0173 \u0161ilumos izoliacin\u0119 var\u017e\u0105.<\/p>\n","protected":false},"excerpt":{"rendered":"<p>Pamat\u0173 blokeliai Haus pamat\u0173 blokeliai- tai lengvas ir greitas b\u016bdas pasidaryti pamatus. Pamatu blokeliai Haus yra dviej\u0173 r\u016b\u0161i\u0173 30 cm ir 20cm plo\u010dio. Haus p6-30 pamat\u0173 blokeliai naudojami rostverko arba r\u016bsio statybai. I \u0161iuos pamat\u0173 blokelius ipilamo betono kiekis yra 1m3 blokeliu reikia 0.7 m3 betono. Armat\u016bros diametr\u0105 Jums turi paskai\u010diuoti konstruktorius. Pamatu blokeliai Haus [&hellip;]<\/p>\n","protected":false},"author":1,"featured_media":0,"parent":0,"menu_order":0,"comment_status":"open","ping_status":"open","template":"","meta":{"_links_to":"","_links_to_target":""},"translation":{"provider":"WPGlobus","version":"2.7.5","language":"ru","enabled_languages":["lt","ru"],"languages":{"lt":{"title":true,"content":true,"excerpt":false},"ru":{"title":false,"content":false,"excerpt":false}}},"yoast_head":"<!-- This site is optimized with the Yoast SEO plugin v16.4 - https:\/\/yoast.com\/wordpress\/plugins\/seo\/ -->\n<meta name=\"robots\" content=\"index, follow, max-snippet:-1, max-image-preview:large, max-video-preview:-1\" \/>\n<link rel=\"canonical\" href=\"https:\/\/www.haus-blokeliai.lt\/pamatu-blokeliai\/\" \/>\n<meta property=\"og:locale\" content=\"ru_RU\" \/>\n<meta property=\"og:type\" content=\"article\" \/>\n<meta property=\"og:title\" content=\"Pamat\u0173 blokeliai\" \/>\n<meta property=\"og:url\" content=\"https:\/\/www.haus-blokeliai.lt\/pamatu-blokeliai\/\" \/>\n<meta property=\"og:image\" content=\"http:\/\/haus-blokeliai.lt\/wp-content\/uploads\/2015\/03\/pamatu-blokeliai-p6-20.png\" \/>\n<meta name=\"twitter:label1\" content=\"Est. reading time\" \/>\n\t<meta name=\"twitter:data1\" content=\"1 minute\" \/>\n<script type=\"application\/ld+json\" class=\"yoast-schema-graph\">{\"@context\":\"https:\/\/schema.org\",\"@graph\":[{\"@type\":\"WebSite\",\"@id\":\"https:\/\/www.haus-blokeliai.lt\/#website\",\"url\":\"https:\/\/www.haus-blokeliai.lt\/\",\"name\":\"\",\"description\":\"\",\"potentialAction\":[{\"@type\":\"SearchAction\",\"target\":\"https:\/\/www.haus-blokeliai.lt\/?s={search_term_string}\",\"query-input\":\"required name=search_term_string\"}],\"inLanguage\":\"ru-RU\"},{\"@type\":\"ImageObject\",\"@id\":\"https:\/\/www.haus-blokeliai.lt\/pamatu-blokeliai\/#primaryimage\",\"inLanguage\":\"ru-RU\",\"url\":\"http:\/\/haus-blokeliai.lt\/wp-content\/uploads\/2015\/03\/pamatu-blokeliai-p6-20.png\",\"contentUrl\":\"http:\/\/haus-blokeliai.lt\/wp-content\/uploads\/2015\/03\/pamatu-blokeliai-p6-20.png\"},{\"@type\":\"WebPage\",\"@id\":\"https:\/\/www.haus-blokeliai.lt\/pamatu-blokeliai\/#webpage\",\"url\":\"https:\/\/www.haus-blokeliai.lt\/pamatu-blokeliai\/\",\"name\":\"Pamat\\u0173 blokeliai\",\"isPartOf\":{\"@id\":\"https:\/\/www.haus-blokeliai.lt\/#website\"},\"primaryImageOfPage\":{\"@id\":\"https:\/\/www.haus-blokeliai.lt\/pamatu-blokeliai\/#primaryimage\"},\"datePublished\":\"2015-03-28T17:57:55+00:00\",\"dateModified\":\"2015-03-28T17:57:55+00:00\",\"breadcrumb\":{\"@id\":\"https:\/\/www.haus-blokeliai.lt\/pamatu-blokeliai\/#breadcrumb\"},\"inLanguage\":\"ru-RU\",\"potentialAction\":[{\"@type\":\"ReadAction\",\"target\":[\"https:\/\/www.haus-blokeliai.lt\/pamatu-blokeliai\/\"]}]},{\"@type\":\"BreadcrumbList\",\"@id\":\"https:\/\/www.haus-blokeliai.lt\/pamatu-blokeliai\/#breadcrumb\",\"itemListElement\":[{\"@type\":\"ListItem\",\"position\":1,\"item\":{\"@type\":\"WebPage\",\"@id\":\"https:\/\/www.haus-blokeliai.lt\/\",\"url\":\"https:\/\/www.haus-blokeliai.lt\/\",\"name\":\"Prad\\u017eia\"}},{\"@type\":\"ListItem\",\"position\":2,\"item\":{\"@id\":\"https:\/\/www.haus-blokeliai.lt\/pamatu-blokeliai\/#webpage\"}}]}]}<\/script>\n<!-- \/ Yoast SEO plugin. -->","_links":{"self":[{"href":"https:\/\/www.haus-blokeliai.lt\/ru\/wp-json\/wp\/v2\/pages\/256"}],"collection":[{"href":"https:\/\/www.haus-blokeliai.lt\/ru\/wp-json\/wp\/v2\/pages"}],"about":[{"href":"https:\/\/www.haus-blokeliai.lt\/ru\/wp-json\/wp\/v2\/types\/page"}],"author":[{"embeddable":true,"href":"https:\/\/www.haus-blokeliai.lt\/ru\/wp-json\/wp\/v2\/users\/1"}],"replies":[{"embeddable":true,"href":"https:\/\/www.haus-blokeliai.lt\/ru\/wp-json\/wp\/v2\/comments?post=256"}],"version-history":[{"count":1,"href":"https:\/\/www.haus-blokeliai.lt\/ru\/wp-json\/wp\/v2\/pages\/256\/revisions"}],"predecessor-version":[{"id":257,"href":"https:\/\/www.haus-blokeliai.lt\/ru\/wp-json\/wp\/v2\/pages\/256\/revisions\/257"}],"wp:attachment":[{"href":"https:\/\/www.haus-blokeliai.lt\/ru\/wp-json\/wp\/v2\/media?parent=256"}],"curies":[{"name":"wp","href":"https:\/\/api.w.org\/{rel}","templated":true}]}}