{"id":1123,"date":"2015-04-30T14:36:28","date_gmt":"2015-04-30T14:36:28","guid":{"rendered":"https:\/\/www.haus-blokeliai.lt\/?page_id=1123"},"modified":"2015-04-30T14:38:05","modified_gmt":"2015-04-30T14:38:05","slug":"pamatu-statyba-irengimas-vilniuje-nuo-144euro-1m3","status":"publish","type":"page","link":"https:\/\/www.haus-blokeliai.lt\/ru\/pamatu-statyba-irengimas-vilniuje-nuo-144euro-1m3\/","title":{"rendered":"Pamat\u0173 statyba Vilniuje nuo 144Euro 1m3"},"content":{"rendered":"<h2>NEMOKAMAS ATVYKIMAS \u012e SKLYP\u0104 VILNIUJE &#8211; KONSULTACIJA<\/h2>\n<p><a href=\"https:\/\/www.haus-blokeliai.lt\/wp-content\/uploads\/2015\/04\/pamatas-rusiui.png\"><img loading=\"lazy\" class=\"alignleft  wp-image-927\" src=\"https:\/\/www.haus-blokeliai.lt\/wp-content\/uploads\/2015\/04\/pamatas-rusiui.png\" alt=\"pamatai\" width=\"244\" height=\"137\" srcset=\"https:\/\/www.haus-blokeliai.lt\/wp-content\/uploads\/2015\/04\/pamatas-rusiui.png 665w, https:\/\/www.haus-blokeliai.lt\/wp-content\/uploads\/2015\/04\/pamatas-rusiui-300x169.png 300w, https:\/\/www.haus-blokeliai.lt\/wp-content\/uploads\/2015\/04\/pamatas-rusiui-110x62.png 110w, https:\/\/www.haus-blokeliai.lt\/wp-content\/uploads\/2015\/04\/pamatas-rusiui-196x110.png 196w, https:\/\/www.haus-blokeliai.lt\/wp-content\/uploads\/2015\/04\/pamatas-rusiui-133x75.png 133w, https:\/\/www.haus-blokeliai.lt\/wp-content\/uploads\/2015\/04\/pamatas-rusiui-640x360.png 640w, https:\/\/www.haus-blokeliai.lt\/wp-content\/uploads\/2015\/04\/pamatas-rusiui-450x253.png 450w\" sizes=\"(max-width: 244px) 100vw, 244px\" \/><\/a>Galime Jums pasi\u016blyti statybininkus k\u016brie gerai ir kokybi\u0161kai atlieka pamat\u0173 \u012frengimo darbus.\u00a0Statybininkai gali Jums \u012frengti juostinius pamatus, gr\u0119\u017etinius t.y.( rostverk\u0105) taip pat \u012frengt r\u016bsi. \u0160ios statybos \u012fmon\u0117s per 6 metus darbo su Haus produkcija gali pasi\u016blyti Jums ger\u0105 kokyb\u0119, greita darbu atlikim\u0105. Pamat\u0173 \u012frengimo darbai atliekami Vilniuje ir Vilniaus rajone. Haus pamatai tai greita irnebrangi pamat\u0173 statyba sutaupysite \u00a0iki 50% darbo i\u0161laid\u0173 kartu su blokeliais &#8211; pamatu \u012frengimui.<\/p>\n<h3>NEMOKAMAI PASKAI\u010cIUOSIME PAMAT\u0172 STATYBOS KAINA SU VISAIS DARBAIS I\u0160 HAUS BLOKELI\u0172<\/h3>\n<h3>Skambinkite 8-614-54 354<\/h3>\n","protected":false},"excerpt":{"rendered":"<p>NEMOKAMAS ATVYKIMAS \u012e SKLYP\u0104 VILNIUJE &#8211; KONSULTACIJA Galime Jums pasi\u016blyti statybininkus k\u016brie gerai ir kokybi\u0161kai atlieka pamat\u0173 \u012frengimo darbus.\u00a0Statybininkai gali Jums \u012frengti juostinius pamatus, gr\u0119\u017etinius t.y.( rostverk\u0105) taip pat \u012frengt r\u016bsi. \u0160ios statybos \u012fmon\u0117s per 6 metus darbo su Haus produkcija gali pasi\u016blyti Jums ger\u0105 kokyb\u0119, greita darbu atlikim\u0105. Pamat\u0173 \u012frengimo darbai atliekami Vilniuje ir [&hellip;]<\/p>\n","protected":false},"author":1,"featured_media":0,"parent":0,"menu_order":0,"comment_status":"open","ping_status":"open","template":"","meta":{"_links_to":"","_links_to_target":""},"translation":{"provider":"WPGlobus","version":"2.7.5","language":"ru","enabled_languages":["lt","ru"],"languages":{"lt":{"title":true,"content":true,"excerpt":false},"ru":{"title":false,"content":false,"excerpt":false}}},"yoast_head":"<!-- This site is optimized with the Yoast SEO plugin v16.4 - https:\/\/yoast.com\/wordpress\/plugins\/seo\/ -->\n<meta name=\"robots\" content=\"index, follow, max-snippet:-1, max-image-preview:large, max-video-preview:-1\" \/>\n<link rel=\"canonical\" href=\"https:\/\/www.haus-blokeliai.lt\/pamatu-statyba-irengimas-vilniuje-nuo-144euro-1m3\/\" \/>\n<meta property=\"og:locale\" content=\"ru_RU\" \/>\n<meta property=\"og:type\" content=\"article\" \/>\n<meta property=\"og:title\" content=\"Pamat\u0173 \u012frengimas nuo 144Euro\/ 1m3\" \/>\n<meta property=\"og:url\" content=\"https:\/\/www.haus-blokeliai.lt\/pamatu-statyba-irengimas-vilniuje-nuo-144euro-1m3\/\" \/>\n<meta property=\"article:modified_time\" content=\"2015-04-30T14:38:05+00:00\" \/>\n<meta property=\"og:image\" content=\"https:\/\/www.haus-blokeliai.lt\/wp-content\/uploads\/2015\/04\/pamatas-rusiui.png\" \/>\n<script type=\"application\/ld+json\" class=\"yoast-schema-graph\">{\"@context\":\"https:\/\/schema.org\",\"@graph\":[{\"@type\":\"WebSite\",\"@id\":\"https:\/\/www.haus-blokeliai.lt\/#website\",\"url\":\"https:\/\/www.haus-blokeliai.lt\/\",\"name\":\"\",\"description\":\"\",\"potentialAction\":[{\"@type\":\"SearchAction\",\"target\":\"https:\/\/www.haus-blokeliai.lt\/?s={search_term_string}\",\"query-input\":\"required name=search_term_string\"}],\"inLanguage\":\"ru-RU\"},{\"@type\":\"ImageObject\",\"@id\":\"https:\/\/www.haus-blokeliai.lt\/pamatu-statyba-irengimas-vilniuje-nuo-144euro-1m3\/#primaryimage\",\"inLanguage\":\"ru-RU\",\"url\":\"https:\/\/www.haus-blokeliai.lt\/wp-content\/uploads\/2015\/04\/pamatas-rusiui.png\",\"contentUrl\":\"https:\/\/www.haus-blokeliai.lt\/wp-content\/uploads\/2015\/04\/pamatas-rusiui.png\"},{\"@type\":\"WebPage\",\"@id\":\"https:\/\/www.haus-blokeliai.lt\/pamatu-statyba-irengimas-vilniuje-nuo-144euro-1m3\/#webpage\",\"url\":\"https:\/\/www.haus-blokeliai.lt\/pamatu-statyba-irengimas-vilniuje-nuo-144euro-1m3\/\",\"name\":\"Pamat\\u0173 \\u012frengimas nuo 144Euro\/ 1m3\",\"isPartOf\":{\"@id\":\"https:\/\/www.haus-blokeliai.lt\/#website\"},\"primaryImageOfPage\":{\"@id\":\"https:\/\/www.haus-blokeliai.lt\/pamatu-statyba-irengimas-vilniuje-nuo-144euro-1m3\/#primaryimage\"},\"datePublished\":\"2015-04-30T14:36:28+00:00\",\"dateModified\":\"2015-04-30T14:38:05+00:00\",\"breadcrumb\":{\"@id\":\"https:\/\/www.haus-blokeliai.lt\/pamatu-statyba-irengimas-vilniuje-nuo-144euro-1m3\/#breadcrumb\"},\"inLanguage\":\"ru-RU\",\"potentialAction\":[{\"@type\":\"ReadAction\",\"target\":[\"https:\/\/www.haus-blokeliai.lt\/pamatu-statyba-irengimas-vilniuje-nuo-144euro-1m3\/\"]}]},{\"@type\":\"BreadcrumbList\",\"@id\":\"https:\/\/www.haus-blokeliai.lt\/pamatu-statyba-irengimas-vilniuje-nuo-144euro-1m3\/#breadcrumb\",\"itemListElement\":[{\"@type\":\"ListItem\",\"position\":1,\"item\":{\"@type\":\"WebPage\",\"@id\":\"https:\/\/www.haus-blokeliai.lt\/\",\"url\":\"https:\/\/www.haus-blokeliai.lt\/\",\"name\":\"Prad\\u017eia\"}},{\"@type\":\"ListItem\",\"position\":2,\"item\":{\"@id\":\"https:\/\/www.haus-blokeliai.lt\/pamatu-statyba-irengimas-vilniuje-nuo-144euro-1m3\/#webpage\"}}]}]}<\/script>\n<!-- \/ Yoast SEO plugin. -->","_links":{"self":[{"href":"https:\/\/www.haus-blokeliai.lt\/ru\/wp-json\/wp\/v2\/pages\/1123"}],"collection":[{"href":"https:\/\/www.haus-blokeliai.lt\/ru\/wp-json\/wp\/v2\/pages"}],"about":[{"href":"https:\/\/www.haus-blokeliai.lt\/ru\/wp-json\/wp\/v2\/types\/page"}],"author":[{"embeddable":true,"href":"https:\/\/www.haus-blokeliai.lt\/ru\/wp-json\/wp\/v2\/users\/1"}],"replies":[{"embeddable":true,"href":"https:\/\/www.haus-blokeliai.lt\/ru\/wp-json\/wp\/v2\/comments?post=1123"}],"version-history":[{"count":1,"href":"https:\/\/www.haus-blokeliai.lt\/ru\/wp-json\/wp\/v2\/pages\/1123\/revisions"}],"predecessor-version":[{"id":1124,"href":"https:\/\/www.haus-blokeliai.lt\/ru\/wp-json\/wp\/v2\/pages\/1123\/revisions\/1124"}],"wp:attachment":[{"href":"https:\/\/www.haus-blokeliai.lt\/ru\/wp-json\/wp\/v2\/media?parent=1123"}],"curies":[{"name":"wp","href":"https:\/\/api.w.org\/{rel}","templated":true}]}}